{"id":98,"date":"2022-07-21T13:39:53","date_gmt":"2022-07-21T13:39:53","guid":{"rendered":"https:\/\/www.hypertera.com\/?product=askartelusakset-fiskars-9993-vasen"},"modified":"2022-07-21T13:39:56","modified_gmt":"2022-07-21T13:39:56","slug":"askartelusakset-fiskars-9993-vasen","status":"publish","type":"product","link":"https:\/\/www.hypertera.com\/?product=askartelusakset-fiskars-9993-vasen","title":{"rendered":"Askartelusakset, Fiskars 9993, vasen"},"content":{"rendered":"<p>Creatiwe Works askartelusakset. Py\u00f6ristetty turvak\u00e4rki. Vasenk\u00e4tisille, my\u00f6s ter\u00e4t. Ter\u00e4n pituus 5 cm. V\u00e4rilajitelma.<\/p>\n","protected":false},"excerpt":{"rendered":"<p>Creatiwe Works askartelusakset. Py\u00f6ristetty turvak\u00e4rki. Vasenk\u00e4tisille, my\u00f6s ter\u00e4t. Ter\u00e4n pituus 5 cm. V\u00e4rilajitelma.<\/p>\n","protected":false},"featured_media":99,"comment_status":"closed","ping_status":"closed","template":"","meta":[],"product_brand":[],"product_cat":[64,65,63,72,71,66,16],"product_tag":[73],"class_list":{"0":"post-98","1":"product","2":"type-product","3":"status-publish","4":"has-post-thumbnail","6":"product_cat-askartelu","7":"product_cat-askarteluvalineettuotteet","8":"product_cat-kotiin-ja-lahjaksi","9":"product_cat-sakset","10":"product_cat-toimiston-pientarvikkeet","11":"product_cat-toimistotarvikkeet-askarteluvalineettuotteet","12":"product_cat-tuotteet","13":"product_tag-askartelusakset","15":"first","16":"instock","17":"purchasable","18":"product-type-simple"},"jetpack_sharing_enabled":true,"_links":{"self":[{"href":"https:\/\/www.hypertera.com\/index.php?rest_route=\/wp\/v2\/product\/98","targetHints":{"allow":["GET"]}}],"collection":[{"href":"https:\/\/www.hypertera.com\/index.php?rest_route=\/wp\/v2\/product"}],"about":[{"href":"https:\/\/www.hypertera.com\/index.php?rest_route=\/wp\/v2\/types\/product"}],"replies":[{"embeddable":true,"href":"https:\/\/www.hypertera.com\/index.php?rest_route=%2Fwp%2Fv2%2Fcomments&post=98"}],"wp:featuredmedia":[{"embeddable":true,"href":"https:\/\/www.hypertera.com\/index.php?rest_route=\/wp\/v2\/media\/99"}],"wp:attachment":[{"href":"https:\/\/www.hypertera.com\/index.php?rest_route=%2Fwp%2Fv2%2Fmedia&parent=98"}],"wp:term":[{"taxonomy":"product_brand","embeddable":true,"href":"https:\/\/www.hypertera.com\/index.php?rest_route=%2Fwp%2Fv2%2Fproduct_brand&post=98"},{"taxonomy":"product_cat","embeddable":true,"href":"https:\/\/www.hypertera.com\/index.php?rest_route=%2Fwp%2Fv2%2Fproduct_cat&post=98"},{"taxonomy":"product_tag","embeddable":true,"href":"https:\/\/www.hypertera.com\/index.php?rest_route=%2Fwp%2Fv2%2Fproduct_tag&post=98"}],"curies":[{"name":"wp","href":"https:\/\/api.w.org\/{rel}","templated":true}]}}