{"id":926,"date":"2022-07-21T14:24:13","date_gmt":"2022-07-21T14:24:13","guid":{"rendered":"https:\/\/www.hypertera.com\/?product=kopiopaperi-4cc-a3-100g-1-rsi-500"},"modified":"2022-07-21T14:24:55","modified_gmt":"2022-07-21T14:24:55","slug":"kopiopaperi-4cc-a3-100g-1-rsi-500","status":"publish","type":"product","link":"https:\/\/www.hypertera.com\/?product=kopiopaperi-4cc-a3-100g-1-rsi-500","title":{"rendered":"Kopiopaperi, 4CC, A3, 100g, 1 rsi\/500"},"content":{"rendered":"<p>V\u00e4rikopio- ja v\u00e4ritulostuspaperi ammattimaiseen tulostukseen. Pinnan sileys, valkoisuuden s\u00e4vypuhtaus ja arkkirakenteen tarkkuus takaavat erinomaisen v\u00e4rintoiston, mink\u00e4 ansiosta kuvat toistuvat kirkkaina ja v\u00e4rikyll\u00e4isin\u00e4 sek\u00e4 kontrastiltaan voimakkaina. Paperille saadaan tulostettua eritt\u00e4in tarkkoja kuvia ja tekstej\u00e4. Sopii mustesuihkutulostimille sek\u00e4 lasertulostimille. A3, 100 g\/m2, 500 arkkia\/rsi, 420&#215;297 mm<\/p>\n","protected":false},"excerpt":{"rendered":"<p>A3, 100g 4CC Kopiopaperi, 1 rsi\/500<\/p>\n","protected":false},"featured_media":927,"comment_status":"closed","ping_status":"closed","template":"","meta":[],"product_brand":[],"product_cat":[30,128,16],"product_tag":[327],"class_list":{"0":"post-926","1":"product","2":"type-product","3":"status-publish","4":"has-post-thumbnail","6":"product_cat-toimistotarvikkeet","7":"product_cat-tulostus-ja-kopiopaperit-kalvot","8":"product_cat-tuotteet","9":"product_tag-kopiopaperit","11":"first","12":"instock","13":"purchasable","14":"product-type-simple"},"jetpack_sharing_enabled":true,"_links":{"self":[{"href":"https:\/\/www.hypertera.com\/index.php?rest_route=\/wp\/v2\/product\/926","targetHints":{"allow":["GET"]}}],"collection":[{"href":"https:\/\/www.hypertera.com\/index.php?rest_route=\/wp\/v2\/product"}],"about":[{"href":"https:\/\/www.hypertera.com\/index.php?rest_route=\/wp\/v2\/types\/product"}],"replies":[{"embeddable":true,"href":"https:\/\/www.hypertera.com\/index.php?rest_route=%2Fwp%2Fv2%2Fcomments&post=926"}],"wp:featuredmedia":[{"embeddable":true,"href":"https:\/\/www.hypertera.com\/index.php?rest_route=\/wp\/v2\/media\/927"}],"wp:attachment":[{"href":"https:\/\/www.hypertera.com\/index.php?rest_route=%2Fwp%2Fv2%2Fmedia&parent=926"}],"wp:term":[{"taxonomy":"product_brand","embeddable":true,"href":"https:\/\/www.hypertera.com\/index.php?rest_route=%2Fwp%2Fv2%2Fproduct_brand&post=926"},{"taxonomy":"product_cat","embeddable":true,"href":"https:\/\/www.hypertera.com\/index.php?rest_route=%2Fwp%2Fv2%2Fproduct_cat&post=926"},{"taxonomy":"product_tag","embeddable":true,"href":"https:\/\/www.hypertera.com\/index.php?rest_route=%2Fwp%2Fv2%2Fproduct_tag&post=926"}],"curies":[{"name":"wp","href":"https:\/\/api.w.org\/{rel}","templated":true}]}}