{"id":922,"date":"2022-07-21T14:24:13","date_gmt":"2022-07-21T14:24:13","guid":{"rendered":"https:\/\/www.hypertera.com\/?product=kopiopaperi-platinum-a4-80-g"},"modified":"2022-07-21T14:24:52","modified_gmt":"2022-07-21T14:24:52","slug":"kopiopaperi-platinum-a4-80-g","status":"publish","type":"product","link":"https:\/\/www.hypertera.com\/?product=kopiopaperi-platinum-a4-80-g","title":{"rendered":"Kopiopaperi Platinum, A4, 80 g"},"content":{"rendered":"<p>Korkeimman laatuluokan yleiskopiopaperi. Testattu sopivaksi vaativiin tulostus- ja kopiointitarpeisiin korkeanopeuksista kopiokoneista v\u00e4rillisiin mustesuihkutulostimiin. Paperin valmistuksessa on huomioitu niin tuotteen laatu kuin ymp\u00e4rist\u00f6n\u00e4k\u00f6kulmat: tuotantolla on muun muassa ISO 9001, ISO 14001 ja ISO 9706 -sertifikaatit.<\/p>\n","protected":false},"excerpt":{"rendered":"<p>Kopiopaperi Platinum, A4, 80 g<\/p>\n","protected":false},"featured_media":923,"comment_status":"closed","ping_status":"closed","template":"","meta":[],"product_brand":[],"product_cat":[30,128,16],"product_tag":[327],"class_list":{"0":"post-922","1":"product","2":"type-product","3":"status-publish","4":"has-post-thumbnail","6":"product_cat-toimistotarvikkeet","7":"product_cat-tulostus-ja-kopiopaperit-kalvot","8":"product_cat-tuotteet","9":"product_tag-kopiopaperit","11":"first","12":"outofstock","13":"purchasable","14":"product-type-simple"},"jetpack_sharing_enabled":true,"_links":{"self":[{"href":"https:\/\/www.hypertera.com\/index.php?rest_route=\/wp\/v2\/product\/922","targetHints":{"allow":["GET"]}}],"collection":[{"href":"https:\/\/www.hypertera.com\/index.php?rest_route=\/wp\/v2\/product"}],"about":[{"href":"https:\/\/www.hypertera.com\/index.php?rest_route=\/wp\/v2\/types\/product"}],"replies":[{"embeddable":true,"href":"https:\/\/www.hypertera.com\/index.php?rest_route=%2Fwp%2Fv2%2Fcomments&post=922"}],"wp:featuredmedia":[{"embeddable":true,"href":"https:\/\/www.hypertera.com\/index.php?rest_route=\/wp\/v2\/media\/923"}],"wp:attachment":[{"href":"https:\/\/www.hypertera.com\/index.php?rest_route=%2Fwp%2Fv2%2Fmedia&parent=922"}],"wp:term":[{"taxonomy":"product_brand","embeddable":true,"href":"https:\/\/www.hypertera.com\/index.php?rest_route=%2Fwp%2Fv2%2Fproduct_brand&post=922"},{"taxonomy":"product_cat","embeddable":true,"href":"https:\/\/www.hypertera.com\/index.php?rest_route=%2Fwp%2Fv2%2Fproduct_cat&post=922"},{"taxonomy":"product_tag","embeddable":true,"href":"https:\/\/www.hypertera.com\/index.php?rest_route=%2Fwp%2Fv2%2Fproduct_tag&post=922"}],"curies":[{"name":"wp","href":"https:\/\/api.w.org\/{rel}","templated":true}]}}