{"id":904,"date":"2022-07-21T14:23:45","date_gmt":"2022-07-21T14:23:45","guid":{"rendered":"https:\/\/www.hypertera.com\/?product=konseptipaperi-a4-10x10-ruudut-1-pkt-250"},"modified":"2022-07-21T14:24:07","modified_gmt":"2022-07-21T14:24:07","slug":"konseptipaperi-a4-10x10-ruudut-1-pkt-250","status":"publish","type":"product","link":"https:\/\/www.hypertera.com\/?product=konseptipaperi-a4-10x10-ruudut-1-pkt-250","title":{"rendered":"Konseptipaperi, A4, 10&#215;10, ruudut, 1 pkt\/250"},"content":{"rendered":"<p>Taitettu A3. Puuvapaa paperi 60 g. Laadukas konseptipaperipaketti. Sis\u00e4lt\u00e4\u00e4 250 valkoista arkkia. Arkkien ruudutus 10X10mm<\/p>\n","protected":false},"excerpt":{"rendered":"<p>Taitettu A3. Puuvapaa paperi 60 g. Laadukas konseptipaperipaketti. Sis\u00e4lt\u00e4\u00e4 250 valkoista arkkia. Arkkien ruudutus 10X10mm<\/p>\n","protected":false},"featured_media":905,"comment_status":"closed","ping_status":"closed","template":"","meta":[],"product_brand":[],"product_cat":[319,47,30,16],"product_tag":[320],"class_list":{"0":"post-904","1":"product","2":"type-product","3":"status-publish","4":"has-post-thumbnail","6":"product_cat-koe-konsepti-ja-kirjoituspaperit","7":"product_cat-lomakkeet-ja-kirjoituspaperit","8":"product_cat-toimistotarvikkeet","9":"product_cat-tuotteet","10":"product_tag-konseptipaperit","12":"first","13":"instock","14":"purchasable","15":"product-type-simple"},"jetpack_sharing_enabled":true,"_links":{"self":[{"href":"https:\/\/www.hypertera.com\/index.php?rest_route=\/wp\/v2\/product\/904","targetHints":{"allow":["GET"]}}],"collection":[{"href":"https:\/\/www.hypertera.com\/index.php?rest_route=\/wp\/v2\/product"}],"about":[{"href":"https:\/\/www.hypertera.com\/index.php?rest_route=\/wp\/v2\/types\/product"}],"replies":[{"embeddable":true,"href":"https:\/\/www.hypertera.com\/index.php?rest_route=%2Fwp%2Fv2%2Fcomments&post=904"}],"wp:featuredmedia":[{"embeddable":true,"href":"https:\/\/www.hypertera.com\/index.php?rest_route=\/wp\/v2\/media\/905"}],"wp:attachment":[{"href":"https:\/\/www.hypertera.com\/index.php?rest_route=%2Fwp%2Fv2%2Fmedia&parent=904"}],"wp:term":[{"taxonomy":"product_brand","embeddable":true,"href":"https:\/\/www.hypertera.com\/index.php?rest_route=%2Fwp%2Fv2%2Fproduct_brand&post=904"},{"taxonomy":"product_cat","embeddable":true,"href":"https:\/\/www.hypertera.com\/index.php?rest_route=%2Fwp%2Fv2%2Fproduct_cat&post=904"},{"taxonomy":"product_tag","embeddable":true,"href":"https:\/\/www.hypertera.com\/index.php?rest_route=%2Fwp%2Fv2%2Fproduct_tag&post=904"}],"curies":[{"name":"wp","href":"https:\/\/api.w.org\/{rel}","templated":true}]}}