{"id":902,"date":"2022-07-21T14:23:45","date_gmt":"2022-07-21T14:23:45","guid":{"rendered":"https:\/\/www.hypertera.com\/?product=kongressineula-54x90mm-1-ras-50"},"modified":"2022-07-21T14:24:04","modified_gmt":"2022-07-21T14:24:04","slug":"kongressineula-54x90mm-1-ras-50","status":"publish","type":"product","link":"https:\/\/www.hypertera.com\/?product=kongressineula-54x90mm-1-ras-50","title":{"rendered":"Kongressineula, 54x90mm, 1 ras\/50"},"content":{"rendered":"<p>Kirkasta PVC-muovia. Hakaneulakiinnitys. Sormilovi helpottaa kortin asettamista. Sis\u00e4lt\u00e4\u00e4 kortit.<\/p>\n","protected":false},"excerpt":{"rendered":"<p>Kirkasta PVC-muovia. Hakaneulakiinnitys. Sormilovi helpottaa kortin asettamista. Sis\u00e4lt\u00e4\u00e4 kortit.<\/p>\n","protected":false},"featured_media":903,"comment_status":"closed","ping_status":"closed","template":"","meta":[],"product_brand":[],"product_cat":[317,76,30,16],"product_tag":[318],"class_list":{"0":"post-902","1":"product","2":"type-product","3":"status-publish","4":"has-post-thumbnail","6":"product_cat-kongressineulat-ja-nimilaput","7":"product_cat-toimiston-pientarvikkeet-toimistotarvikkeet","8":"product_cat-toimistotarvikkeet","9":"product_cat-tuotteet","10":"product_tag-kongressineulat","12":"first","13":"instock","14":"purchasable","15":"product-type-simple"},"jetpack_sharing_enabled":true,"_links":{"self":[{"href":"https:\/\/www.hypertera.com\/index.php?rest_route=\/wp\/v2\/product\/902","targetHints":{"allow":["GET"]}}],"collection":[{"href":"https:\/\/www.hypertera.com\/index.php?rest_route=\/wp\/v2\/product"}],"about":[{"href":"https:\/\/www.hypertera.com\/index.php?rest_route=\/wp\/v2\/types\/product"}],"replies":[{"embeddable":true,"href":"https:\/\/www.hypertera.com\/index.php?rest_route=%2Fwp%2Fv2%2Fcomments&post=902"}],"wp:featuredmedia":[{"embeddable":true,"href":"https:\/\/www.hypertera.com\/index.php?rest_route=\/wp\/v2\/media\/903"}],"wp:attachment":[{"href":"https:\/\/www.hypertera.com\/index.php?rest_route=%2Fwp%2Fv2%2Fmedia&parent=902"}],"wp:term":[{"taxonomy":"product_brand","embeddable":true,"href":"https:\/\/www.hypertera.com\/index.php?rest_route=%2Fwp%2Fv2%2Fproduct_brand&post=902"},{"taxonomy":"product_cat","embeddable":true,"href":"https:\/\/www.hypertera.com\/index.php?rest_route=%2Fwp%2Fv2%2Fproduct_cat&post=902"},{"taxonomy":"product_tag","embeddable":true,"href":"https:\/\/www.hypertera.com\/index.php?rest_route=%2Fwp%2Fv2%2Fproduct_tag&post=902"}],"curies":[{"name":"wp","href":"https:\/\/api.w.org\/{rel}","templated":true}]}}