{"id":900,"date":"2022-07-21T14:23:45","date_gmt":"2022-07-21T14:23:45","guid":{"rendered":"https:\/\/www.hypertera.com\/?product=konferenssikansio-officebasic-nahkajaljitelma-musta"},"modified":"2022-07-21T14:23:55","modified_gmt":"2022-07-21T14:23:55","slug":"konferenssikansio-officebasic-nahkajaljitelma-musta","status":"publish","type":"product","link":"https:\/\/www.hypertera.com\/?product=konferenssikansio-officebasic-nahkajaljitelma-musta","title":{"rendered":"Konferenssikansio, OfficeBasic, Nahkaj\u00e4ljitelm\u00e4, musta"},"content":{"rendered":"<p>Todella tyylik\u00e4s musta nahkaj\u00e4ljitelm\u00e4\u00e4 oleva konferenssikansio. Kansiossa on laskin, A4-avolehti\u00f6 sek\u00e4 tilaa k\u00e4yntikorteille ja kynille<\/p>\n","protected":false},"excerpt":{"rendered":"<p>Musta OfficeBasic Nahkaj\u00e4ljitelm\u00e4 Konferenssikansio<\/p>\n","protected":false},"featured_media":901,"comment_status":"closed","ping_status":"closed","template":"","meta":[],"product_brand":[],"product_cat":[114,31,30,16],"product_tag":[316],"class_list":{"0":"post-900","1":"product","2":"type-product","3":"status-publish","4":"has-post-thumbnail","6":"product_cat-erikoiskansiot-kansiot-ja-mapit","7":"product_cat-kansiot-ja-mapit","8":"product_cat-toimistotarvikkeet","9":"product_cat-tuotteet","10":"product_tag-konferenssikansiot","12":"first","13":"instock","14":"purchasable","15":"product-type-simple"},"jetpack_sharing_enabled":true,"_links":{"self":[{"href":"https:\/\/www.hypertera.com\/index.php?rest_route=\/wp\/v2\/product\/900","targetHints":{"allow":["GET"]}}],"collection":[{"href":"https:\/\/www.hypertera.com\/index.php?rest_route=\/wp\/v2\/product"}],"about":[{"href":"https:\/\/www.hypertera.com\/index.php?rest_route=\/wp\/v2\/types\/product"}],"replies":[{"embeddable":true,"href":"https:\/\/www.hypertera.com\/index.php?rest_route=%2Fwp%2Fv2%2Fcomments&post=900"}],"wp:featuredmedia":[{"embeddable":true,"href":"https:\/\/www.hypertera.com\/index.php?rest_route=\/wp\/v2\/media\/901"}],"wp:attachment":[{"href":"https:\/\/www.hypertera.com\/index.php?rest_route=%2Fwp%2Fv2%2Fmedia&parent=900"}],"wp:term":[{"taxonomy":"product_brand","embeddable":true,"href":"https:\/\/www.hypertera.com\/index.php?rest_route=%2Fwp%2Fv2%2Fproduct_brand&post=900"},{"taxonomy":"product_cat","embeddable":true,"href":"https:\/\/www.hypertera.com\/index.php?rest_route=%2Fwp%2Fv2%2Fproduct_cat&post=900"},{"taxonomy":"product_tag","embeddable":true,"href":"https:\/\/www.hypertera.com\/index.php?rest_route=%2Fwp%2Fv2%2Fproduct_tag&post=900"}],"curies":[{"name":"wp","href":"https:\/\/api.w.org\/{rel}","templated":true}]}}