{"id":898,"date":"2022-07-21T14:23:45","date_gmt":"2022-07-21T14:23:45","guid":{"rendered":"https:\/\/www.hypertera.com\/?product=kolmijalka-linkstar-tr-550a-57-145-cm-3-osaa"},"modified":"2022-07-21T14:23:54","modified_gmt":"2022-07-21T14:23:54","slug":"kolmijalka-linkstar-tr-550a-57-145-cm-3-osaa","status":"publish","type":"product","link":"https:\/\/www.hypertera.com\/?product=kolmijalka-linkstar-tr-550a-57-145-cm-3-osaa","title":{"rendered":"Kolmijalka, Linkstar TR-550A, 57-145 cm, 3 osaa"},"content":{"rendered":"<p>Kevyt (paino 0.96 kg) kolmijalkajalusta, jonka korkeus on s\u00e4\u00e4dett\u00e4viss\u00e4 v\u00e4lill\u00e4 57-145 cm. Pituus koottuna on 57 cm. Maksimikapasiteetti on 5 kg. Pikakiinnityslevy. 3 suntaan k\u00e4\u00e4ntyv\u00e4\u00e4 p\u00e4\u00e4.<\/p>\n","protected":false},"excerpt":{"rendered":"<p>Linkstar TR-550A 57-145 cm 3 osaa Kolmijalkajalusta<\/p>\n","protected":false},"featured_media":899,"comment_status":"closed","ping_status":"closed","template":"","meta":[],"product_brand":[],"product_cat":[15],"product_tag":[315],"class_list":{"0":"post-898","1":"product","2":"type-product","3":"status-publish","4":"has-post-thumbnail","6":"product_cat-uncategorized","7":"product_tag-kolmijalat","9":"first","10":"instock","11":"purchasable","12":"product-type-simple"},"jetpack_sharing_enabled":true,"_links":{"self":[{"href":"https:\/\/www.hypertera.com\/index.php?rest_route=\/wp\/v2\/product\/898","targetHints":{"allow":["GET"]}}],"collection":[{"href":"https:\/\/www.hypertera.com\/index.php?rest_route=\/wp\/v2\/product"}],"about":[{"href":"https:\/\/www.hypertera.com\/index.php?rest_route=\/wp\/v2\/types\/product"}],"replies":[{"embeddable":true,"href":"https:\/\/www.hypertera.com\/index.php?rest_route=%2Fwp%2Fv2%2Fcomments&post=898"}],"wp:featuredmedia":[{"embeddable":true,"href":"https:\/\/www.hypertera.com\/index.php?rest_route=\/wp\/v2\/media\/899"}],"wp:attachment":[{"href":"https:\/\/www.hypertera.com\/index.php?rest_route=%2Fwp%2Fv2%2Fmedia&parent=898"}],"wp:term":[{"taxonomy":"product_brand","embeddable":true,"href":"https:\/\/www.hypertera.com\/index.php?rest_route=%2Fwp%2Fv2%2Fproduct_brand&post=898"},{"taxonomy":"product_cat","embeddable":true,"href":"https:\/\/www.hypertera.com\/index.php?rest_route=%2Fwp%2Fv2%2Fproduct_cat&post=898"},{"taxonomy":"product_tag","embeddable":true,"href":"https:\/\/www.hypertera.com\/index.php?rest_route=%2Fwp%2Fv2%2Fproduct_tag&post=898"}],"curies":[{"name":"wp","href":"https:\/\/api.w.org\/{rel}","templated":true}]}}