{"id":86,"date":"2022-07-21T13:38:54","date_gmt":"2022-07-21T13:38:54","guid":{"rendered":"https:\/\/www.hypertera.com\/?product=asiakaskyna-ridge-premium"},"modified":"2022-07-21T13:39:34","modified_gmt":"2022-07-21T13:39:34","slug":"asiakaskyna-ridge-premium","status":"publish","type":"product","link":"https:\/\/www.hypertera.com\/?product=asiakaskyna-ridge-premium","title":{"rendered":"Asiakaskyn\u00e4, Ridge Premium"},"content":{"rendered":"<p>Tyylik\u00e4s kuulak\u00e4rkikyn\u00e4 asiakask\u00e4ytt\u00f6\u00f6n tukevalla jalustalla ja vahvalla metalliketjulla. Tyylik\u00e4s kokonaisuus kiilt\u00e4v\u00e4\u00e4 mustaa muovi ja metallia. Kyn\u00e4n kulmaa telineess\u00e4 voi s\u00e4\u00e4t\u00e4\u00e4. K\u00e4rjen paksuus on 0.7 mm.<\/p>\n","protected":false},"excerpt":{"rendered":"<p>F-Office Premium Asiakaskyn\u00e4<\/p>\n","protected":false},"featured_media":87,"comment_status":"closed","ping_status":"closed","template":"","meta":[],"product_brand":[],"product_cat":[57,60,59,56,30,58,16],"product_tag":[61],"class_list":{"0":"post-86","1":"product","2":"type-product","3":"status-publish","4":"has-post-thumbnail","6":"product_cat-asiakaskynattuotteet","7":"product_cat-kuulamustekynat","8":"product_cat-kynat-toimistotarvikkeet-asiakaskynattuotteet","9":"product_cat-kynat","10":"product_cat-toimistotarvikkeet","11":"product_cat-toimistotarvikkeet-asiakaskynattuotteet","12":"product_cat-tuotteet","13":"product_tag-asiakaskynat","15":"first","16":"instock","17":"purchasable","18":"product-type-simple"},"jetpack_sharing_enabled":true,"_links":{"self":[{"href":"https:\/\/www.hypertera.com\/index.php?rest_route=\/wp\/v2\/product\/86","targetHints":{"allow":["GET"]}}],"collection":[{"href":"https:\/\/www.hypertera.com\/index.php?rest_route=\/wp\/v2\/product"}],"about":[{"href":"https:\/\/www.hypertera.com\/index.php?rest_route=\/wp\/v2\/types\/product"}],"replies":[{"embeddable":true,"href":"https:\/\/www.hypertera.com\/index.php?rest_route=%2Fwp%2Fv2%2Fcomments&post=86"}],"wp:featuredmedia":[{"embeddable":true,"href":"https:\/\/www.hypertera.com\/index.php?rest_route=\/wp\/v2\/media\/87"}],"wp:attachment":[{"href":"https:\/\/www.hypertera.com\/index.php?rest_route=%2Fwp%2Fv2%2Fmedia&parent=86"}],"wp:term":[{"taxonomy":"product_brand","embeddable":true,"href":"https:\/\/www.hypertera.com\/index.php?rest_route=%2Fwp%2Fv2%2Fproduct_brand&post=86"},{"taxonomy":"product_cat","embeddable":true,"href":"https:\/\/www.hypertera.com\/index.php?rest_route=%2Fwp%2Fv2%2Fproduct_cat&post=86"},{"taxonomy":"product_tag","embeddable":true,"href":"https:\/\/www.hypertera.com\/index.php?rest_route=%2Fwp%2Fv2%2Fproduct_tag&post=86"}],"curies":[{"name":"wp","href":"https:\/\/api.w.org\/{rel}","templated":true}]}}