{"id":846,"date":"2022-07-21T14:21:57","date_gmt":"2022-07-21T14:21:57","guid":{"rendered":"https:\/\/www.hypertera.com\/?product=kiinnitystarra-bostik-sinitarra-60g"},"modified":"2022-07-21T14:22:11","modified_gmt":"2022-07-21T14:22:11","slug":"kiinnitystarra-bostik-sinitarra-60g","status":"publish","type":"product","link":"https:\/\/www.hypertera.com\/?product=kiinnitystarra-bostik-sinitarra-60g","title":{"rendered":"Kiinnitystarra, Bostik Sinitarra 60g"},"content":{"rendered":"<p>Bostik-sinitarra 60g. K\u00e4yt\u00e4 sinitarraa julisteiden, piirrustusten, koristeiden, karttojen jne. kiinnitykseen. Sinitarra tarttuu hyvin vinyylitapettiin, maalatuille pinnoille, lasiin ja metalliin. Poistetaan rullaamalla. Ei sis\u00e4ll\u00e4 haitallisia aineita. Ei suositella k\u00e4ytett\u00e4v\u00e4ksi huokoisille pinnoille, paperitapeteille eik\u00e4 tiilipinnoille.<\/p>\n","protected":false},"excerpt":{"rendered":"<p>Bostik-sinitarra 60g. K\u00e4yt\u00e4 sinitarraa julisteiden, piirrustusten, koristeiden, karttojen jne. kiinnitykseen. Sinitarra tarttuu hyvin vinyylitapettiin, maalatuille pinnoille, lasiin ja metalliin. Poistetaan rullaamalla. Ei sis\u00e4ll\u00e4 haitallisia aineita. Ei suositella k\u00e4ytett\u00e4v\u00e4ksi huokoisille pinnoille, paperitapeteille eik\u00e4 tiilipinnoille.<\/p>\n","protected":false},"featured_media":847,"comment_status":"closed","ping_status":"closed","template":"","meta":[],"product_brand":[],"product_cat":[297,296,294,295,30,16,293],"product_tag":[298],"class_list":{"0":"post-846","1":"product","2":"type-product","3":"status-publish","4":"has-post-thumbnail","6":"product_cat-sinitarrat","7":"product_cat-teipit-liimat-ja-korjaustarvikkeet-toimistotarvikkeet-teippimerkittuotteet","8":"product_cat-teippimerkittuotteet","9":"product_cat-toimistotarvikkeet-teippimerkittuotteet","10":"product_cat-toimistotarvikkeet","11":"product_cat-tuotteet","12":"product_cat-tyopistetarvikkeet","13":"product_tag-kiinnitystarrat","15":"first","16":"instock","17":"purchasable","18":"product-type-simple"},"jetpack_sharing_enabled":true,"_links":{"self":[{"href":"https:\/\/www.hypertera.com\/index.php?rest_route=\/wp\/v2\/product\/846","targetHints":{"allow":["GET"]}}],"collection":[{"href":"https:\/\/www.hypertera.com\/index.php?rest_route=\/wp\/v2\/product"}],"about":[{"href":"https:\/\/www.hypertera.com\/index.php?rest_route=\/wp\/v2\/types\/product"}],"replies":[{"embeddable":true,"href":"https:\/\/www.hypertera.com\/index.php?rest_route=%2Fwp%2Fv2%2Fcomments&post=846"}],"wp:featuredmedia":[{"embeddable":true,"href":"https:\/\/www.hypertera.com\/index.php?rest_route=\/wp\/v2\/media\/847"}],"wp:attachment":[{"href":"https:\/\/www.hypertera.com\/index.php?rest_route=%2Fwp%2Fv2%2Fmedia&parent=846"}],"wp:term":[{"taxonomy":"product_brand","embeddable":true,"href":"https:\/\/www.hypertera.com\/index.php?rest_route=%2Fwp%2Fv2%2Fproduct_brand&post=846"},{"taxonomy":"product_cat","embeddable":true,"href":"https:\/\/www.hypertera.com\/index.php?rest_route=%2Fwp%2Fv2%2Fproduct_cat&post=846"},{"taxonomy":"product_tag","embeddable":true,"href":"https:\/\/www.hypertera.com\/index.php?rest_route=%2Fwp%2Fv2%2Fproduct_tag&post=846"}],"curies":[{"name":"wp","href":"https:\/\/api.w.org\/{rel}","templated":true}]}}