{"id":842,"date":"2022-07-21T14:21:57","date_gmt":"2022-07-21T14:21:57","guid":{"rendered":"https:\/\/www.hypertera.com\/?product=kiikarit-vortex-diamondback-10x42"},"modified":"2022-07-21T14:22:08","modified_gmt":"2022-07-21T14:22:08","slug":"kiikarit-vortex-diamondback-10x42","status":"publish","type":"product","link":"https:\/\/www.hypertera.com\/?product=kiikarit-vortex-diamondback-10x42","title":{"rendered":"Kiikarit, Vortex DiamondBack 10&#215;42"},"content":{"rendered":"<p>Vortexin DiamondBack -kiikarit ovat optisesti huippuluokkaa &#8211; laatuun n\u00e4hden hyvin edullisesti. N\u00e4iss\u00e4 kiikareissa on 10-kertainen suurennos sek\u00e4 42 mm objektiivin halkaisija.  Vortexin sujuva ja tarkka takennusmekanismi antaa helposti ter\u00e4v\u00e4n kuvan. Keskusmekanismin lis\u00e4ksi voit hienos\u00e4\u00e4t\u00e4\u00e4 kumpaakin okulaaria erikseen, mik\u00e4li silmiss\u00e4si on erilainen taitto. Kiikareissa on kokoonsa ja surennokseensa n\u00e4hden suuri katselukulma (6.6). Linsseiss\u00e4 on parannellut monikerroksiset p\u00e4\u00e4llystykset. Prismoissa on yleens\u00e4 vain kalleimmista malleista l\u00f6ytyv\u00e4 vaiheen korjaus.  Kiikarit itsess\u00e4\u00e4n ovat vedenkest\u00e4v\u00e4t ja k\u00e4yt\u00e4nn\u00f6ss\u00e4 huuruuntumattomat. Runko on kumip\u00e4\u00e4llystetty.  Pakettiin sis\u00e4ltyy objektiivien ja okulaarien suojukset, kantopussi ja kantonauha.  Kiikareilla on Vortexin my\u00f6nt\u00e4m\u00e4 elinik\u00e4inen VIP-takuu.<\/p>\n","protected":false},"excerpt":{"rendered":"<p>10&#215;42 Vortex DiamondBack Kiikarit<\/p>\n","protected":false},"featured_media":843,"comment_status":"closed","ping_status":"closed","template":"","meta":[],"product_brand":[],"product_cat":[290,17,16],"product_tag":[291],"class_list":{"0":"post-842","1":"product","2":"type-product","3":"status-publish","4":"has-post-thumbnail","6":"product_cat-kiikarit","7":"product_cat-laitteet-tekniikka","8":"product_cat-tuotteet","9":"product_tag-kiikarit","11":"first","12":"instock","13":"purchasable","14":"product-type-simple"},"jetpack_sharing_enabled":true,"_links":{"self":[{"href":"https:\/\/www.hypertera.com\/index.php?rest_route=\/wp\/v2\/product\/842","targetHints":{"allow":["GET"]}}],"collection":[{"href":"https:\/\/www.hypertera.com\/index.php?rest_route=\/wp\/v2\/product"}],"about":[{"href":"https:\/\/www.hypertera.com\/index.php?rest_route=\/wp\/v2\/types\/product"}],"replies":[{"embeddable":true,"href":"https:\/\/www.hypertera.com\/index.php?rest_route=%2Fwp%2Fv2%2Fcomments&post=842"}],"wp:featuredmedia":[{"embeddable":true,"href":"https:\/\/www.hypertera.com\/index.php?rest_route=\/wp\/v2\/media\/843"}],"wp:attachment":[{"href":"https:\/\/www.hypertera.com\/index.php?rest_route=%2Fwp%2Fv2%2Fmedia&parent=842"}],"wp:term":[{"taxonomy":"product_brand","embeddable":true,"href":"https:\/\/www.hypertera.com\/index.php?rest_route=%2Fwp%2Fv2%2Fproduct_brand&post=842"},{"taxonomy":"product_cat","embeddable":true,"href":"https:\/\/www.hypertera.com\/index.php?rest_route=%2Fwp%2Fv2%2Fproduct_cat&post=842"},{"taxonomy":"product_tag","embeddable":true,"href":"https:\/\/www.hypertera.com\/index.php?rest_route=%2Fwp%2Fv2%2Fproduct_tag&post=842"}],"curies":[{"name":"wp","href":"https:\/\/api.w.org\/{rel}","templated":true}]}}