{"id":84,"date":"2022-07-21T13:38:54","date_gmt":"2022-07-21T13:38:54","guid":{"rendered":"https:\/\/www.hypertera.com\/?product=x-asiakaskyna-geelimuste-0-5-mm-sininen-mustepoistunut"},"modified":"2022-07-21T13:39:24","modified_gmt":"2022-07-21T13:39:24","slug":"x-asiakaskyna-geelimuste-0-5-mm-sininen-mustepoistunut","status":"publish","type":"product","link":"https:\/\/www.hypertera.com\/?product=x-asiakaskyna-geelimuste-0-5-mm-sininen-mustepoistunut","title":{"rendered":"X Asiakaskyn\u00e4, geelimuste, 0.5 mm, sininen muste(POISTUNUT)"},"content":{"rendered":"<p>Geelikyn\u00e4 asiakask\u00e4ytt\u00f6\u00f6n pehme\u00e4ll\u00e4 muoviketjulla ja keskikokoisella jalustalla. Pehme\u00e4 otekumi ja tasaisesti juokseva geelimuste. Ter\u00e4n paksuus 0.5 mm. Pakattu myym\u00e4l\u00e4\u00e4n sopivaan blisteripakkaukseen. Mukana tulee vaihtos\u00e4ili\u00f6.<\/p>\n","protected":false},"excerpt":{"rendered":"<p>F-Office GeelimusteAsiakaskyn\u00e4<\/p>\n","protected":false},"featured_media":85,"comment_status":"closed","ping_status":"closed","template":"","meta":[],"product_brand":[],"product_cat":[57,60,59,56,30,58,16],"product_tag":[61],"class_list":{"0":"post-84","1":"product","2":"type-product","3":"status-publish","4":"has-post-thumbnail","6":"product_cat-asiakaskynattuotteet","7":"product_cat-kuulamustekynat","8":"product_cat-kynat-toimistotarvikkeet-asiakaskynattuotteet","9":"product_cat-kynat","10":"product_cat-toimistotarvikkeet","11":"product_cat-toimistotarvikkeet-asiakaskynattuotteet","12":"product_cat-tuotteet","13":"product_tag-asiakaskynat","15":"first","16":"instock","17":"purchasable","18":"product-type-simple"},"jetpack_sharing_enabled":true,"_links":{"self":[{"href":"https:\/\/www.hypertera.com\/index.php?rest_route=\/wp\/v2\/product\/84","targetHints":{"allow":["GET"]}}],"collection":[{"href":"https:\/\/www.hypertera.com\/index.php?rest_route=\/wp\/v2\/product"}],"about":[{"href":"https:\/\/www.hypertera.com\/index.php?rest_route=\/wp\/v2\/types\/product"}],"replies":[{"embeddable":true,"href":"https:\/\/www.hypertera.com\/index.php?rest_route=%2Fwp%2Fv2%2Fcomments&post=84"}],"wp:featuredmedia":[{"embeddable":true,"href":"https:\/\/www.hypertera.com\/index.php?rest_route=\/wp\/v2\/media\/85"}],"wp:attachment":[{"href":"https:\/\/www.hypertera.com\/index.php?rest_route=%2Fwp%2Fv2%2Fmedia&parent=84"}],"wp:term":[{"taxonomy":"product_brand","embeddable":true,"href":"https:\/\/www.hypertera.com\/index.php?rest_route=%2Fwp%2Fv2%2Fproduct_brand&post=84"},{"taxonomy":"product_cat","embeddable":true,"href":"https:\/\/www.hypertera.com\/index.php?rest_route=%2Fwp%2Fv2%2Fproduct_cat&post=84"},{"taxonomy":"product_tag","embeddable":true,"href":"https:\/\/www.hypertera.com\/index.php?rest_route=%2Fwp%2Fv2%2Fproduct_tag&post=84"}],"curies":[{"name":"wp","href":"https:\/\/api.w.org\/{rel}","templated":true}]}}