{"id":832,"date":"2022-07-21T14:21:57","date_gmt":"2022-07-21T14:21:57","guid":{"rendered":"https:\/\/www.hypertera.com\/?product=kiikarit-konus-giant-20x60"},"modified":"2022-07-21T14:22:00","modified_gmt":"2022-07-21T14:22:00","slug":"kiikarit-konus-giant-20x60","status":"publish","type":"product","link":"https:\/\/www.hypertera.com\/?product=kiikarit-konus-giant-20x60","title":{"rendered":"Kiikarit, Konus Giant, 20&#215;60"},"content":{"rendered":"<p>Hyvin kookkaat kiikair 20-kertaisella surennoksella ja jopa 60 mm leveill\u00e4 objektiiveilla. Kiikarit on tarkoitettu kiinnitett\u00e4v\u00e4ksi kolmijalkaan suuren koon ja kohtuullisen painon (1.3 kg) takia . Linsseiss\u00e4 on moninkertainen pinnoitus heijastusten v\u00e4ltt\u00e4miseksi ja v\u00e4rien parantamiseksi. Kiikareissa on keskustarkennus ilman objektiivikohtaisia hienos\u00e4\u00e4t\u00f6j\u00e4.<\/p>\n","protected":false},"excerpt":{"rendered":"<p>20&#215;60 Konus Giant Kiikarit<\/p>\n","protected":false},"featured_media":833,"comment_status":"closed","ping_status":"closed","template":"","meta":[],"product_brand":[],"product_cat":[290,17,16],"product_tag":[291],"class_list":{"0":"post-832","1":"product","2":"type-product","3":"status-publish","4":"has-post-thumbnail","6":"product_cat-kiikarit","7":"product_cat-laitteet-tekniikka","8":"product_cat-tuotteet","9":"product_tag-kiikarit","11":"first","12":"instock","13":"purchasable","14":"product-type-simple"},"jetpack_sharing_enabled":true,"_links":{"self":[{"href":"https:\/\/www.hypertera.com\/index.php?rest_route=\/wp\/v2\/product\/832","targetHints":{"allow":["GET"]}}],"collection":[{"href":"https:\/\/www.hypertera.com\/index.php?rest_route=\/wp\/v2\/product"}],"about":[{"href":"https:\/\/www.hypertera.com\/index.php?rest_route=\/wp\/v2\/types\/product"}],"replies":[{"embeddable":true,"href":"https:\/\/www.hypertera.com\/index.php?rest_route=%2Fwp%2Fv2%2Fcomments&post=832"}],"wp:featuredmedia":[{"embeddable":true,"href":"https:\/\/www.hypertera.com\/index.php?rest_route=\/wp\/v2\/media\/833"}],"wp:attachment":[{"href":"https:\/\/www.hypertera.com\/index.php?rest_route=%2Fwp%2Fv2%2Fmedia&parent=832"}],"wp:term":[{"taxonomy":"product_brand","embeddable":true,"href":"https:\/\/www.hypertera.com\/index.php?rest_route=%2Fwp%2Fv2%2Fproduct_brand&post=832"},{"taxonomy":"product_cat","embeddable":true,"href":"https:\/\/www.hypertera.com\/index.php?rest_route=%2Fwp%2Fv2%2Fproduct_cat&post=832"},{"taxonomy":"product_tag","embeddable":true,"href":"https:\/\/www.hypertera.com\/index.php?rest_route=%2Fwp%2Fv2%2Fproduct_tag&post=832"}],"curies":[{"name":"wp","href":"https:\/\/api.w.org\/{rel}","templated":true}]}}