{"id":830,"date":"2022-07-21T14:21:57","date_gmt":"2022-07-21T14:21:57","guid":{"rendered":"https:\/\/www.hypertera.com\/?product=kiikarit-konus-basic-12x32"},"modified":"2022-07-21T14:21:57","modified_gmt":"2022-07-21T14:21:57","slug":"kiikarit-konus-basic-12x32","status":"publish","type":"product","link":"https:\/\/www.hypertera.com\/?product=kiikarit-konus-basic-12x32","title":{"rendered":"Kiikarit, Konus Basic, 12&#215;32"},"content":{"rendered":"<p>Minikokoiset kiikarit 12-kertaisella suurennoksella. Objektiiveissa on kumip\u00e4\u00e4llystys. Linsseiss\u00e4 on yksinkertainen Ruby-p\u00e4\u00e4llystys, joka tekee kuvasta tarkemman. Tarkennusmekanismi on yhteinen molemmille okulaareille, ja l\u00f6ytyy kiikareiden keskelt\u00e4.<\/p>\n","protected":false},"excerpt":{"rendered":"<p>12&#215;32 Konus Basic Kiikarit<\/p>\n","protected":false},"featured_media":831,"comment_status":"closed","ping_status":"closed","template":"","meta":[],"product_brand":[],"product_cat":[290,17,16],"product_tag":[291],"class_list":{"0":"post-830","1":"product","2":"type-product","3":"status-publish","4":"has-post-thumbnail","6":"product_cat-kiikarit","7":"product_cat-laitteet-tekniikka","8":"product_cat-tuotteet","9":"product_tag-kiikarit","11":"first","12":"instock","13":"purchasable","14":"product-type-simple"},"jetpack_sharing_enabled":true,"_links":{"self":[{"href":"https:\/\/www.hypertera.com\/index.php?rest_route=\/wp\/v2\/product\/830","targetHints":{"allow":["GET"]}}],"collection":[{"href":"https:\/\/www.hypertera.com\/index.php?rest_route=\/wp\/v2\/product"}],"about":[{"href":"https:\/\/www.hypertera.com\/index.php?rest_route=\/wp\/v2\/types\/product"}],"replies":[{"embeddable":true,"href":"https:\/\/www.hypertera.com\/index.php?rest_route=%2Fwp%2Fv2%2Fcomments&post=830"}],"wp:featuredmedia":[{"embeddable":true,"href":"https:\/\/www.hypertera.com\/index.php?rest_route=\/wp\/v2\/media\/831"}],"wp:attachment":[{"href":"https:\/\/www.hypertera.com\/index.php?rest_route=%2Fwp%2Fv2%2Fmedia&parent=830"}],"wp:term":[{"taxonomy":"product_brand","embeddable":true,"href":"https:\/\/www.hypertera.com\/index.php?rest_route=%2Fwp%2Fv2%2Fproduct_brand&post=830"},{"taxonomy":"product_cat","embeddable":true,"href":"https:\/\/www.hypertera.com\/index.php?rest_route=%2Fwp%2Fv2%2Fproduct_cat&post=830"},{"taxonomy":"product_tag","embeddable":true,"href":"https:\/\/www.hypertera.com\/index.php?rest_route=%2Fwp%2Fv2%2Fproduct_tag&post=830"}],"curies":[{"name":"wp","href":"https:\/\/api.w.org\/{rel}","templated":true}]}}