{"id":826,"date":"2022-07-21T14:21:20","date_gmt":"2022-07-21T14:21:20","guid":{"rendered":"https:\/\/www.hypertera.com\/?product=kiikarit-comet-10x50"},"modified":"2022-07-21T14:21:42","modified_gmt":"2022-07-21T14:21:42","slug":"kiikarit-comet-10x50","status":"publish","type":"product","link":"https:\/\/www.hypertera.com\/?product=kiikarit-comet-10x50","title":{"rendered":"Kiikarit, Comet 10&#215;50"},"content":{"rendered":"<p>Laadukkaat peruskiikarit 10-kertaisella suurennoksella ja 50 mm halkaisijan objektiiveilla. Edulliseen hintaansa n\u00e4hden erinomainen optiikka. Mukana tulee suojapussi, kantonauha ja mikrokuituliina linssien pyyhint\u00e4\u00e4n. Yhteinen tarkennus molemmille okulaareille, lis\u00e4ksi erillinen hienos\u00e4\u00e4t\u00f6 oikeanpuoleiselle okulaarille. Soveltuu k\u00e4ytett\u00e4v\u00e4ksi my\u00f6s silm\u00e4lasien kanssa. Erinomainen peruskiikari kotiin, m\u00f6kille, veneelle, matkoille, autoon, lintujen ja luonnon tarkkailuun jne. P\u00e4\u00e4llystetyt ja UV-suojatut linssit.<\/p>\n","protected":false},"excerpt":{"rendered":"<p>Comet 10&#215;50 Kiikarit<\/p>\n","protected":false},"featured_media":827,"comment_status":"closed","ping_status":"closed","template":"","meta":[],"product_brand":[],"product_cat":[290,17,16],"product_tag":[291],"class_list":{"0":"post-826","1":"product","2":"type-product","3":"status-publish","4":"has-post-thumbnail","6":"product_cat-kiikarit","7":"product_cat-laitteet-tekniikka","8":"product_cat-tuotteet","9":"product_tag-kiikarit","11":"first","12":"instock","13":"purchasable","14":"product-type-simple"},"jetpack_sharing_enabled":true,"_links":{"self":[{"href":"https:\/\/www.hypertera.com\/index.php?rest_route=\/wp\/v2\/product\/826","targetHints":{"allow":["GET"]}}],"collection":[{"href":"https:\/\/www.hypertera.com\/index.php?rest_route=\/wp\/v2\/product"}],"about":[{"href":"https:\/\/www.hypertera.com\/index.php?rest_route=\/wp\/v2\/types\/product"}],"replies":[{"embeddable":true,"href":"https:\/\/www.hypertera.com\/index.php?rest_route=%2Fwp%2Fv2%2Fcomments&post=826"}],"wp:featuredmedia":[{"embeddable":true,"href":"https:\/\/www.hypertera.com\/index.php?rest_route=\/wp\/v2\/media\/827"}],"wp:attachment":[{"href":"https:\/\/www.hypertera.com\/index.php?rest_route=%2Fwp%2Fv2%2Fmedia&parent=826"}],"wp:term":[{"taxonomy":"product_brand","embeddable":true,"href":"https:\/\/www.hypertera.com\/index.php?rest_route=%2Fwp%2Fv2%2Fproduct_brand&post=826"},{"taxonomy":"product_cat","embeddable":true,"href":"https:\/\/www.hypertera.com\/index.php?rest_route=%2Fwp%2Fv2%2Fproduct_cat&post=826"},{"taxonomy":"product_tag","embeddable":true,"href":"https:\/\/www.hypertera.com\/index.php?rest_route=%2Fwp%2Fv2%2Fproduct_tag&post=826"}],"curies":[{"name":"wp","href":"https:\/\/api.w.org\/{rel}","templated":true}]}}