{"id":824,"date":"2022-07-21T14:21:20","date_gmt":"2022-07-21T14:21:20","guid":{"rendered":"https:\/\/www.hypertera.com\/?product=kiikarit-canon-15x50-is-kuvanvakaimella-saankestava"},"modified":"2022-07-21T14:21:40","modified_gmt":"2022-07-21T14:21:40","slug":"kiikarit-canon-15x50-is-kuvanvakaimella-saankestava","status":"publish","type":"product","link":"https:\/\/www.hypertera.com\/?product=kiikarit-canon-15x50-is-kuvanvakaimella-saankestava","title":{"rendered":"Kiikarit, Canon 15&#215;50 IS, kuvanvakaimella, s\u00e4\u00e4nkest\u00e4v\u00e4"},"content":{"rendered":"<p>Olipa kohteesi mik\u00e4 tahansa &#8211; ratkaiseva maalilaukaus tai unohtumaton luonton\u00e4kym\u00e4 &#8211; n\u00e4et sen yksityiskohtaisen tarkasti kun katsot sit\u00e4 Canon-kiikareilla. Laajasta valikoimasta l\u00f6ytyy ihanteellinen vaihtoehto sek\u00e4 intohimoiselle penkkiurheilijalle ett\u00e4 hartaalle luontoihmiselle. Canon-kiikareiden avulla olet aina riitt\u00e4v\u00e4n l\u00e4hell\u00e4 kohdettasi.<\/p>\n","protected":false},"excerpt":{"rendered":"<p>Olipa kohteesi mik\u00e4 tahansa &#8211; ratkaiseva maalilaukaus tai unohtumaton luonton\u00e4kym\u00e4 &#8211; n\u00e4et sen yksityiskohtaisen tarkasti kun katsot sit\u00e4 Canon-kiikareilla. Laajasta valikoimasta l\u00f6ytyy ihanteellinen vaihtoehto sek\u00e4 intohimoiselle penkkiurheilijalle ett\u00e4 hartaalle luontoihmiselle. Canon-kiikareiden avulla olet aina riitt\u00e4v\u00e4n l\u00e4hell\u00e4 kohdettasi.<\/p>\n","protected":false},"featured_media":825,"comment_status":"closed","ping_status":"closed","template":"","meta":[],"product_brand":[],"product_cat":[290,17,16],"product_tag":[291],"class_list":{"0":"post-824","1":"product","2":"type-product","3":"status-publish","4":"has-post-thumbnail","6":"product_cat-kiikarit","7":"product_cat-laitteet-tekniikka","8":"product_cat-tuotteet","9":"product_tag-kiikarit","11":"first","12":"outofstock","13":"purchasable","14":"product-type-simple"},"jetpack_sharing_enabled":true,"_links":{"self":[{"href":"https:\/\/www.hypertera.com\/index.php?rest_route=\/wp\/v2\/product\/824","targetHints":{"allow":["GET"]}}],"collection":[{"href":"https:\/\/www.hypertera.com\/index.php?rest_route=\/wp\/v2\/product"}],"about":[{"href":"https:\/\/www.hypertera.com\/index.php?rest_route=\/wp\/v2\/types\/product"}],"replies":[{"embeddable":true,"href":"https:\/\/www.hypertera.com\/index.php?rest_route=%2Fwp%2Fv2%2Fcomments&post=824"}],"wp:featuredmedia":[{"embeddable":true,"href":"https:\/\/www.hypertera.com\/index.php?rest_route=\/wp\/v2\/media\/825"}],"wp:attachment":[{"href":"https:\/\/www.hypertera.com\/index.php?rest_route=%2Fwp%2Fv2%2Fmedia&parent=824"}],"wp:term":[{"taxonomy":"product_brand","embeddable":true,"href":"https:\/\/www.hypertera.com\/index.php?rest_route=%2Fwp%2Fv2%2Fproduct_brand&post=824"},{"taxonomy":"product_cat","embeddable":true,"href":"https:\/\/www.hypertera.com\/index.php?rest_route=%2Fwp%2Fv2%2Fproduct_cat&post=824"},{"taxonomy":"product_tag","embeddable":true,"href":"https:\/\/www.hypertera.com\/index.php?rest_route=%2Fwp%2Fv2%2Fproduct_tag&post=824"}],"curies":[{"name":"wp","href":"https:\/\/api.w.org\/{rel}","templated":true}]}}