{"id":816,"date":"2022-07-21T14:21:20","date_gmt":"2022-07-21T14:21:20","guid":{"rendered":"https:\/\/www.hypertera.com\/?product=kierrevihko-muovikantinen-a4-80-s-aniliini"},"modified":"2022-07-21T14:21:33","modified_gmt":"2022-07-21T14:21:33","slug":"kierrevihko-muovikantinen-a4-80-s-aniliini","status":"publish","type":"product","link":"https:\/\/www.hypertera.com\/?product=kierrevihko-muovikantinen-a4-80-s-aniliini","title":{"rendered":"Kierrevihko, muovikantinen, A4, 80 s., aniliini"},"content":{"rendered":"<p>Kotimainen muovikantinen kierrevihko A4\/80.  Kest\u00e4v\u00e4t 0,5 mm polypropeenikannet.  7&#215;7 mm ruudutus, 80 lehte\u00e4, valkoinen 60g paperi.  Tuotteella Avainlippu.<\/p>\n","protected":false},"excerpt":{"rendered":"<p>Kotimainen muovikantinen kierrevihko A4\/80. Kest\u00e4v\u00e4t 0,5 mm polypropeenikannet. 7&#215;7 mm ruudutus, 80 lehte\u00e4, valkoinen 60g paperi. Tuotteella Avainlippu.<\/p>\n","protected":false},"featured_media":817,"comment_status":"closed","ping_status":"closed","template":"","meta":[],"product_brand":[],"product_cat":[288,84,287,286,30,16,285],"product_tag":[289],"class_list":{"0":"post-816","1":"product","2":"type-product","3":"status-publish","4":"has-post-thumbnail","6":"product_cat-avolehtiot-lehtiot-ja-vihkot-toimistotarvikkeet-vihkottuotteet","7":"product_cat-lehtiot-ja-vihkot","8":"product_cat-lehtiot-ja-vihkot-toimistotarvikkeet-vihkottuotteet","9":"product_cat-toimistotarvikkeet-vihkottuotteet","10":"product_cat-toimistotarvikkeet","11":"product_cat-tuotteet","12":"product_cat-vihkottuotteet","13":"product_tag-kierrevihkot","15":"first","16":"instock","17":"purchasable","18":"product-type-simple"},"jetpack_sharing_enabled":true,"_links":{"self":[{"href":"https:\/\/www.hypertera.com\/index.php?rest_route=\/wp\/v2\/product\/816","targetHints":{"allow":["GET"]}}],"collection":[{"href":"https:\/\/www.hypertera.com\/index.php?rest_route=\/wp\/v2\/product"}],"about":[{"href":"https:\/\/www.hypertera.com\/index.php?rest_route=\/wp\/v2\/types\/product"}],"replies":[{"embeddable":true,"href":"https:\/\/www.hypertera.com\/index.php?rest_route=%2Fwp%2Fv2%2Fcomments&post=816"}],"wp:featuredmedia":[{"embeddable":true,"href":"https:\/\/www.hypertera.com\/index.php?rest_route=\/wp\/v2\/media\/817"}],"wp:attachment":[{"href":"https:\/\/www.hypertera.com\/index.php?rest_route=%2Fwp%2Fv2%2Fmedia&parent=816"}],"wp:term":[{"taxonomy":"product_brand","embeddable":true,"href":"https:\/\/www.hypertera.com\/index.php?rest_route=%2Fwp%2Fv2%2Fproduct_brand&post=816"},{"taxonomy":"product_cat","embeddable":true,"href":"https:\/\/www.hypertera.com\/index.php?rest_route=%2Fwp%2Fv2%2Fproduct_cat&post=816"},{"taxonomy":"product_tag","embeddable":true,"href":"https:\/\/www.hypertera.com\/index.php?rest_route=%2Fwp%2Fv2%2Fproduct_tag&post=816"}],"curies":[{"name":"wp","href":"https:\/\/api.w.org\/{rel}","templated":true}]}}