{"id":804,"date":"2022-07-21T14:20:17","date_gmt":"2022-07-21T14:20:17","guid":{"rendered":"https:\/\/www.hypertera.com\/?product=kierrevihko-a4-70-s-ruudutettu-nelivarikansi"},"modified":"2022-07-21T14:20:42","modified_gmt":"2022-07-21T14:20:42","slug":"kierrevihko-a4-70-s-ruudutettu-nelivarikansi","status":"publish","type":"product","link":"https:\/\/www.hypertera.com\/?product=kierrevihko-a4-70-s-ruudutettu-nelivarikansi","title":{"rendered":"Kierrevihko, A4, 70 s, ruudutettu, neliv\u00e4rikansi"},"content":{"rendered":"<p>Kierrevihko kaksinkertaisella ter\u00e4kierteell\u00e4 sivussa. Kansi on vahvistettua paperia ja pohjalevy on paksu kartonki. Laadukas paperi ruudutuksella.<\/p>\n","protected":false},"excerpt":{"rendered":"<p>Neliv\u00e4rikansi F-Office Kierrevihko<\/p>\n","protected":false},"featured_media":805,"comment_status":"closed","ping_status":"closed","template":"","meta":[],"product_brand":[],"product_cat":[288,287,84,286,30,16,285],"product_tag":[289],"class_list":{"0":"post-804","1":"product","2":"type-product","3":"status-publish","4":"has-post-thumbnail","6":"product_cat-avolehtiot-lehtiot-ja-vihkot-toimistotarvikkeet-vihkottuotteet","7":"product_cat-lehtiot-ja-vihkot-toimistotarvikkeet-vihkottuotteet","8":"product_cat-lehtiot-ja-vihkot","9":"product_cat-toimistotarvikkeet-vihkottuotteet","10":"product_cat-toimistotarvikkeet","11":"product_cat-tuotteet","12":"product_cat-vihkottuotteet","13":"product_tag-kierrevihkot","15":"first","16":"outofstock","17":"purchasable","18":"product-type-simple"},"jetpack_sharing_enabled":true,"_links":{"self":[{"href":"https:\/\/www.hypertera.com\/index.php?rest_route=\/wp\/v2\/product\/804","targetHints":{"allow":["GET"]}}],"collection":[{"href":"https:\/\/www.hypertera.com\/index.php?rest_route=\/wp\/v2\/product"}],"about":[{"href":"https:\/\/www.hypertera.com\/index.php?rest_route=\/wp\/v2\/types\/product"}],"replies":[{"embeddable":true,"href":"https:\/\/www.hypertera.com\/index.php?rest_route=%2Fwp%2Fv2%2Fcomments&post=804"}],"wp:featuredmedia":[{"embeddable":true,"href":"https:\/\/www.hypertera.com\/index.php?rest_route=\/wp\/v2\/media\/805"}],"wp:attachment":[{"href":"https:\/\/www.hypertera.com\/index.php?rest_route=%2Fwp%2Fv2%2Fmedia&parent=804"}],"wp:term":[{"taxonomy":"product_brand","embeddable":true,"href":"https:\/\/www.hypertera.com\/index.php?rest_route=%2Fwp%2Fv2%2Fproduct_brand&post=804"},{"taxonomy":"product_cat","embeddable":true,"href":"https:\/\/www.hypertera.com\/index.php?rest_route=%2Fwp%2Fv2%2Fproduct_cat&post=804"},{"taxonomy":"product_tag","embeddable":true,"href":"https:\/\/www.hypertera.com\/index.php?rest_route=%2Fwp%2Fv2%2Fproduct_tag&post=804"}],"curies":[{"name":"wp","href":"https:\/\/api.w.org\/{rel}","templated":true}]}}