{"id":802,"date":"2022-07-21T14:20:17","date_gmt":"2022-07-21T14:20:17","guid":{"rendered":"https:\/\/www.hypertera.com\/?product=kierrelehtio-forpus-fo42354-70-sivua-a5"},"modified":"2022-07-21T14:20:41","modified_gmt":"2022-07-21T14:20:41","slug":"kierrelehtio-forpus-fo42354-70-sivua-a5","status":"publish","type":"product","link":"https:\/\/www.hypertera.com\/?product=kierrelehtio-forpus-fo42354-70-sivua-a5","title":{"rendered":"Kierrelehti\u00f6, Forpus Fo42354, 70 sivua, A5"},"content":{"rendered":"<p>A5 kokoinen 70 sivuinen ruutupaperillinen kierrelehti\u00f6. Vahvistettu vihre\u00e4 kansilehtipaperi ja vahva pahvitausta. Ruutujen koko paperissa 5mm x 5mm<\/p>\n","protected":false},"excerpt":{"rendered":"<p>A5 Forpus Fo42354 70 sivua Kierrelehti\u00f6<\/p>\n","protected":false},"featured_media":803,"comment_status":"closed","ping_status":"closed","template":"","meta":[],"product_brand":[],"product_cat":[85,84,30,16],"product_tag":[284],"class_list":{"0":"post-802","1":"product","2":"type-product","3":"status-publish","4":"has-post-thumbnail","6":"product_cat-avolehtiot","7":"product_cat-lehtiot-ja-vihkot","8":"product_cat-toimistotarvikkeet","9":"product_cat-tuotteet","10":"product_tag-kierrelehtiot","12":"first","13":"instock","14":"purchasable","15":"product-type-simple"},"jetpack_sharing_enabled":true,"_links":{"self":[{"href":"https:\/\/www.hypertera.com\/index.php?rest_route=\/wp\/v2\/product\/802","targetHints":{"allow":["GET"]}}],"collection":[{"href":"https:\/\/www.hypertera.com\/index.php?rest_route=\/wp\/v2\/product"}],"about":[{"href":"https:\/\/www.hypertera.com\/index.php?rest_route=\/wp\/v2\/types\/product"}],"replies":[{"embeddable":true,"href":"https:\/\/www.hypertera.com\/index.php?rest_route=%2Fwp%2Fv2%2Fcomments&post=802"}],"wp:featuredmedia":[{"embeddable":true,"href":"https:\/\/www.hypertera.com\/index.php?rest_route=\/wp\/v2\/media\/803"}],"wp:attachment":[{"href":"https:\/\/www.hypertera.com\/index.php?rest_route=%2Fwp%2Fv2%2Fmedia&parent=802"}],"wp:term":[{"taxonomy":"product_brand","embeddable":true,"href":"https:\/\/www.hypertera.com\/index.php?rest_route=%2Fwp%2Fv2%2Fproduct_brand&post=802"},{"taxonomy":"product_cat","embeddable":true,"href":"https:\/\/www.hypertera.com\/index.php?rest_route=%2Fwp%2Fv2%2Fproduct_cat&post=802"},{"taxonomy":"product_tag","embeddable":true,"href":"https:\/\/www.hypertera.com\/index.php?rest_route=%2Fwp%2Fv2%2Fproduct_tag&post=802"}],"curies":[{"name":"wp","href":"https:\/\/api.w.org\/{rel}","templated":true}]}}