{"id":80,"date":"2022-07-21T13:38:54","date_gmt":"2022-07-21T13:38:54","guid":{"rendered":"https:\/\/www.hypertera.com\/?product=arvokaappi-500x420x350-mm-koodilukolla-lcd-naytto-teraspeltia"},"modified":"2022-07-21T13:39:19","modified_gmt":"2022-07-21T13:39:19","slug":"arvokaappi-500x420x350-mm-koodilukolla-lcd-naytto-teraspeltia","status":"publish","type":"product","link":"https:\/\/www.hypertera.com\/?product=arvokaappi-500x420x350-mm-koodilukolla-lcd-naytto-teraspeltia","title":{"rendered":"Arvokaappi, 500x420x350 mm, Koodilukolla, LCD -n\u00e4ytt\u00f6, Ter\u00e4spelti\u00e4"},"content":{"rendered":"<p>Pienempi arvokaappi pienten arvoesineiden kuten CD-levyjen, rahojen, avainten ja korujen jne. s\u00e4ilytykseen. Kaapin runko on valmistettu 2 mm paksusta ter\u00e4spellist\u00e4, ovet 4 mm paksusta ter\u00e4spellist\u00e4. Esivalmius lattiaan tai sein\u00e4\u00e4n kiinnitt\u00e4mist\u00e4 varten. 3-8 numeroiset itse valittavat k\u00e4ytt\u00e4j\u00e4- ja p\u00e4\u00e4koodit. Mekaaninen lukko h\u00e4t\u00e4avausta varten. LCD-koodilukon patterit sis\u00e4ltyv\u00e4t toimitukseen.<\/p>\n","protected":false},"excerpt":{"rendered":"<p>Pienempi arvokaappi pienten arvoesineiden kuten CD-levyjen, rahojen, avainten ja korujen jne. s\u00e4ilytykseen. Kaapin runko on valmistettu 2 mm paksusta ter\u00e4spellist\u00e4, ovet 4 mm paksusta ter\u00e4spellist\u00e4. Esivalmius lattiaan tai sein\u00e4\u00e4n kiinnitt\u00e4mist\u00e4 varten. 3-8 numeroiset itse valittavat k\u00e4ytt\u00e4j\u00e4- ja p\u00e4\u00e4koodit. Mekaaninen lukko h\u00e4t\u00e4avausta varten. LCD-koodilukon patterit sis\u00e4ltyv\u00e4t toimitukseen.<\/p>\n","protected":false},"featured_media":81,"comment_status":"closed","ping_status":"closed","template":"","meta":[],"product_brand":[],"product_cat":[53,50,52,54,51,16],"product_tag":[55],"class_list":{"0":"post-80","1":"product","2":"type-product","3":"status-publish","4":"has-post-thumbnail","6":"product_cat-kaapit","7":"product_cat-kalusteet","8":"product_cat-kalusteet-kassakaapittuotteet","9":"product_cat-kassakaapit","10":"product_cat-kassakaapittuotteet","11":"product_cat-tuotteet","12":"product_tag-arvokaapit","14":"first","15":"outofstock","16":"purchasable","17":"product-type-simple"},"jetpack_sharing_enabled":true,"_links":{"self":[{"href":"https:\/\/www.hypertera.com\/index.php?rest_route=\/wp\/v2\/product\/80","targetHints":{"allow":["GET"]}}],"collection":[{"href":"https:\/\/www.hypertera.com\/index.php?rest_route=\/wp\/v2\/product"}],"about":[{"href":"https:\/\/www.hypertera.com\/index.php?rest_route=\/wp\/v2\/types\/product"}],"replies":[{"embeddable":true,"href":"https:\/\/www.hypertera.com\/index.php?rest_route=%2Fwp%2Fv2%2Fcomments&post=80"}],"wp:featuredmedia":[{"embeddable":true,"href":"https:\/\/www.hypertera.com\/index.php?rest_route=\/wp\/v2\/media\/81"}],"wp:attachment":[{"href":"https:\/\/www.hypertera.com\/index.php?rest_route=%2Fwp%2Fv2%2Fmedia&parent=80"}],"wp:term":[{"taxonomy":"product_brand","embeddable":true,"href":"https:\/\/www.hypertera.com\/index.php?rest_route=%2Fwp%2Fv2%2Fproduct_brand&post=80"},{"taxonomy":"product_cat","embeddable":true,"href":"https:\/\/www.hypertera.com\/index.php?rest_route=%2Fwp%2Fv2%2Fproduct_cat&post=80"},{"taxonomy":"product_tag","embeddable":true,"href":"https:\/\/www.hypertera.com\/index.php?rest_route=%2Fwp%2Fv2%2Fproduct_tag&post=80"}],"curies":[{"name":"wp","href":"https:\/\/api.w.org\/{rel}","templated":true}]}}