{"id":788,"date":"2022-07-21T14:18:57","date_gmt":"2022-07-21T14:18:57","guid":{"rendered":"https:\/\/www.hypertera.com\/?product=kestotarra-avery-l6127-99-1x139mm-keltainen-1-pkt-80"},"modified":"2022-07-21T14:20:12","modified_gmt":"2022-07-21T14:20:12","slug":"kestotarra-avery-l6127-99-1x139mm-keltainen-1-pkt-80","status":"publish","type":"product","link":"https:\/\/www.hypertera.com\/?product=kestotarra-avery-l6127-99-1x139mm-keltainen-1-pkt-80","title":{"rendered":"Kestotarra, Avery L6127, 99.1x139mm, keltainen, 1 pkt\/80"},"content":{"rendered":"<p>Eritt\u00e4in vahvoja keltaisia tarroja tuotteidesi ja omaisuutesi tarroittamiseen. Sopii erinomaisesti mm. varoituskylttien tekoon, tai huomotarroiksi tuotteen s\u00e4rkyvyyden tai kunnon huomioimiseksi. Sopii ulko- ja sis\u00e4k\u00e4ytt\u00f6\u00f6n, kest\u00e4\u00e4 \u00f6ljy\u00e4, likaa, UV-s\u00e4teily\u00e4, s\u00e4\u00e4n kesto -20 &#8211; +80 celsiusta.<\/p>\n","protected":false},"excerpt":{"rendered":"<p>Keltainen Avery L6127 99.1x139mm Kestotarra, 1 pkt\/80<\/p>\n","protected":false},"featured_media":789,"comment_status":"closed","ping_status":"closed","template":"","meta":[],"product_brand":[],"product_cat":[15],"product_tag":[279],"class_list":{"0":"post-788","1":"product","2":"type-product","3":"status-publish","4":"has-post-thumbnail","6":"product_cat-uncategorized","7":"product_tag-kestotarrat","9":"first","10":"instock","11":"purchasable","12":"product-type-simple"},"jetpack_sharing_enabled":true,"_links":{"self":[{"href":"https:\/\/www.hypertera.com\/index.php?rest_route=\/wp\/v2\/product\/788","targetHints":{"allow":["GET"]}}],"collection":[{"href":"https:\/\/www.hypertera.com\/index.php?rest_route=\/wp\/v2\/product"}],"about":[{"href":"https:\/\/www.hypertera.com\/index.php?rest_route=\/wp\/v2\/types\/product"}],"replies":[{"embeddable":true,"href":"https:\/\/www.hypertera.com\/index.php?rest_route=%2Fwp%2Fv2%2Fcomments&post=788"}],"wp:featuredmedia":[{"embeddable":true,"href":"https:\/\/www.hypertera.com\/index.php?rest_route=\/wp\/v2\/media\/789"}],"wp:attachment":[{"href":"https:\/\/www.hypertera.com\/index.php?rest_route=%2Fwp%2Fv2%2Fmedia&parent=788"}],"wp:term":[{"taxonomy":"product_brand","embeddable":true,"href":"https:\/\/www.hypertera.com\/index.php?rest_route=%2Fwp%2Fv2%2Fproduct_brand&post=788"},{"taxonomy":"product_cat","embeddable":true,"href":"https:\/\/www.hypertera.com\/index.php?rest_route=%2Fwp%2Fv2%2Fproduct_cat&post=788"},{"taxonomy":"product_tag","embeddable":true,"href":"https:\/\/www.hypertera.com\/index.php?rest_route=%2Fwp%2Fv2%2Fproduct_tag&post=788"}],"curies":[{"name":"wp","href":"https:\/\/api.w.org\/{rel}","templated":true}]}}