{"id":782,"date":"2022-07-21T14:18:57","date_gmt":"2022-07-21T14:18:57","guid":{"rendered":"https:\/\/www.hypertera.com\/?product=keskusyksikkoteline-pyorilla-valkoinen"},"modified":"2022-07-21T14:19:59","modified_gmt":"2022-07-21T14:19:59","slug":"keskusyksikkoteline-pyorilla-valkoinen","status":"publish","type":"product","link":"https:\/\/www.hypertera.com\/?product=keskusyksikkoteline-pyorilla-valkoinen","title":{"rendered":"Keskusyksikk\u00f6teline py\u00f6rill\u00e4, valkoinen"},"content":{"rendered":"<p>Metallinen CPU teline. Tukeva rakenne rullilla  Korkeuss\u00e4\u00e4t\u00f6: 140mm &#8211; 230mm  Mitat: 33 x 27,5 x 30,5  Paino: 14,5 kg<\/p>\n","protected":false},"excerpt":{"rendered":"<p>Metallinen CPU teline. Tukeva rakenne rullilla Korkeuss\u00e4\u00e4t\u00f6: 140mm &#8211; 230mm Mitat: 33 x 27,5 x 30,5 Paino: 14,5 kg<\/p>\n","protected":false},"featured_media":783,"comment_status":"closed","ping_status":"closed","template":"","meta":[],"product_brand":[],"product_cat":[276,50,275,277,274,16],"product_tag":[278],"class_list":{"0":"post-782","1":"product","2":"type-product","3":"status-publish","4":"has-post-thumbnail","6":"product_cat-av-kalusteet-kalusteet-keskusyksikkotelineettuotteet","7":"product_cat-kalusteet","8":"product_cat-kalusteet-keskusyksikkotelineettuotteet","9":"product_cat-keskusyksikkotelineet","10":"product_cat-keskusyksikkotelineettuotteet","11":"product_cat-tuotteet","12":"product_tag-keskusyksikkotelineet","14":"first","15":"instock","16":"purchasable","17":"product-type-simple"},"jetpack_sharing_enabled":true,"_links":{"self":[{"href":"https:\/\/www.hypertera.com\/index.php?rest_route=\/wp\/v2\/product\/782","targetHints":{"allow":["GET"]}}],"collection":[{"href":"https:\/\/www.hypertera.com\/index.php?rest_route=\/wp\/v2\/product"}],"about":[{"href":"https:\/\/www.hypertera.com\/index.php?rest_route=\/wp\/v2\/types\/product"}],"replies":[{"embeddable":true,"href":"https:\/\/www.hypertera.com\/index.php?rest_route=%2Fwp%2Fv2%2Fcomments&post=782"}],"wp:featuredmedia":[{"embeddable":true,"href":"https:\/\/www.hypertera.com\/index.php?rest_route=\/wp\/v2\/media\/783"}],"wp:attachment":[{"href":"https:\/\/www.hypertera.com\/index.php?rest_route=%2Fwp%2Fv2%2Fmedia&parent=782"}],"wp:term":[{"taxonomy":"product_brand","embeddable":true,"href":"https:\/\/www.hypertera.com\/index.php?rest_route=%2Fwp%2Fv2%2Fproduct_brand&post=782"},{"taxonomy":"product_cat","embeddable":true,"href":"https:\/\/www.hypertera.com\/index.php?rest_route=%2Fwp%2Fv2%2Fproduct_cat&post=782"},{"taxonomy":"product_tag","embeddable":true,"href":"https:\/\/www.hypertera.com\/index.php?rest_route=%2Fwp%2Fv2%2Fproduct_tag&post=782"}],"curies":[{"name":"wp","href":"https:\/\/api.w.org\/{rel}","templated":true}]}}