{"id":780,"date":"2022-07-21T14:18:57","date_gmt":"2022-07-21T14:18:57","guid":{"rendered":"https:\/\/www.hypertera.com\/?product=kertakayttoveitsi-bioware-puinen-1-pkt-250"},"modified":"2022-07-21T14:19:48","modified_gmt":"2022-07-21T14:19:48","slug":"kertakayttoveitsi-bioware-puinen-1-pkt-250","status":"publish","type":"product","link":"https:\/\/www.hypertera.com\/?product=kertakayttoveitsi-bioware-puinen-1-pkt-250","title":{"rendered":"Kertak\u00e4ytt\u00f6veitsi, Bioware, puinen, 1 pkt\/250"},"content":{"rendered":"<p>Ymp\u00e4rist\u00f6yst\u00e4v\u00e4llisi\u00e4 tuotteita silloinkin kun tarvitaan kertak\u00e4ytt\u00f6tuotteita. Puisen kertak\u00e4ytt\u00f6veitsen pituus on 16,5 cm. Bioware puiset aterimet kompostoituvat t\u00e4ysin teollisissa kompostointiolosuhteissa.<\/p>\n","protected":false},"excerpt":{"rendered":"<p>Puinen kertak\u00e4ytt\u00f6veitsi<\/p>\n","protected":false},"featured_media":781,"comment_status":"closed","ping_status":"closed","template":"","meta":[],"product_brand":[],"product_cat":[218,195,16],"product_tag":[273],"class_list":{"0":"post-780","1":"product","2":"type-product","3":"status-publish","4":"has-post-thumbnail","6":"product_cat-kertakayttoastiat","7":"product_cat-taloustarvikkeet","8":"product_cat-tuotteet","9":"product_tag-kertakayttoveitset","11":"first","12":"instock","13":"purchasable","14":"product-type-simple"},"jetpack_sharing_enabled":true,"_links":{"self":[{"href":"https:\/\/www.hypertera.com\/index.php?rest_route=\/wp\/v2\/product\/780","targetHints":{"allow":["GET"]}}],"collection":[{"href":"https:\/\/www.hypertera.com\/index.php?rest_route=\/wp\/v2\/product"}],"about":[{"href":"https:\/\/www.hypertera.com\/index.php?rest_route=\/wp\/v2\/types\/product"}],"replies":[{"embeddable":true,"href":"https:\/\/www.hypertera.com\/index.php?rest_route=%2Fwp%2Fv2%2Fcomments&post=780"}],"wp:featuredmedia":[{"embeddable":true,"href":"https:\/\/www.hypertera.com\/index.php?rest_route=\/wp\/v2\/media\/781"}],"wp:attachment":[{"href":"https:\/\/www.hypertera.com\/index.php?rest_route=%2Fwp%2Fv2%2Fmedia&parent=780"}],"wp:term":[{"taxonomy":"product_brand","embeddable":true,"href":"https:\/\/www.hypertera.com\/index.php?rest_route=%2Fwp%2Fv2%2Fproduct_brand&post=780"},{"taxonomy":"product_cat","embeddable":true,"href":"https:\/\/www.hypertera.com\/index.php?rest_route=%2Fwp%2Fv2%2Fproduct_cat&post=780"},{"taxonomy":"product_tag","embeddable":true,"href":"https:\/\/www.hypertera.com\/index.php?rest_route=%2Fwp%2Fv2%2Fproduct_tag&post=780"}],"curies":[{"name":"wp","href":"https:\/\/api.w.org\/{rel}","templated":true}]}}