{"id":78,"date":"2022-07-21T13:38:54","date_gmt":"2022-07-21T13:38:54","guid":{"rendered":"https:\/\/www.hypertera.com\/?product=arparengas-varilajitelma-1-kpl-100"},"modified":"2022-07-21T13:39:19","modified_gmt":"2022-07-21T13:39:19","slug":"arparengas-varilajitelma-1-kpl-100","status":"publish","type":"product","link":"https:\/\/www.hypertera.com\/?product=arparengas-varilajitelma-1-kpl-100","title":{"rendered":"Arparengas, V\u00e4rilajitelma, 1 kpl\/100"},"content":{"rendered":"<p>Arpajaiset pystyyn yksinkertaisesti ja luokkaretkirahat kokoon. Helppok\u00e4ytt\u00f6set arvat ovat renkaassa josta asiakas vain rep\u00e4isee oman lipukkeensa. V\u00e4rit sininen, punainen, keltainen, vihre\u00e4 ja valkoinen.    Uuden arpajaislain mukaisesti pienarpajaisten j\u00e4rjest\u00e4miseen et tarvitse lupaa, eik\u00e4 niist\u00e4 tarvitse maksaa veroa. Pienarpajaisia voi j\u00e4rjest\u00e4\u00e4 mm. yleishy\u00f6dylliset yhteis\u00f6t, koululuokat ja harrastusryhm\u00e4t. Arpojen yhteenlaskettu myyntihinta saa olla enint\u00e4\u00e4n 2000 euroa ja arpajaispalkintojen yhteenlasketun arvon on oltava min. 35 % arpojen yhteenlasketusta myyntihinnasta.Pienimm\u00e4n voiton on oltava v\u00e4hint\u00e4\u00e4n arvan hintainen.   Koululuokka saa j\u00e4rjest\u00e4\u00e4 pienarpajaiset opiskelun tai opiskelua tukevan harrastustoiminnan edist\u00e4miseksi, kunhan arpajaiset on jonkuin aikuisen vastuulla. Ty\u00f6porukkakin voi j\u00e4rjest\u00e4\u00e4 ns. miniatyyriarpajaiset virkitys- ja harrastustoiminnan tukemiseksi. Arpojen myyntiarvo ei saa ylitt\u00e4\u00e4 500 euroa.  Arpajaisten voittojenjaon on tapahduttava samassa tilaisuudessa. Hyv\u00e4 muistaa ett\u00e4 osassa pienarpajaisia on teht\u00e4v\u00e4 tilitys. Lue lis\u00e4ietoa http:\/\/yhdistystieto.fi\/wiki\/98-arpajaiset<\/p>\n","protected":false},"excerpt":{"rendered":"<p>Arpajaiset pystyyn yksinkertaisesti ja luokkaretkirahat kokoon. Helppok\u00e4ytt\u00f6set arvat ovat renkaassa josta asiakas vain rep\u00e4isee oman lipukkeensa. V\u00e4rit sininen, punainen, keltainen, vihre\u00e4 ja valkoinen. Uuden arpajaislain mukaisesti pienarpajaisten j\u00e4rjest\u00e4miseen et tarvitse lupaa, eik\u00e4 niist\u00e4 tarvitse maksaa veroa. Pienarpajaisia voi j\u00e4rjest\u00e4\u00e4 mm. yleishy\u00f6dylliset yhteis\u00f6t, koululuokat ja harrastusryhm\u00e4t. Arpojen yhteenlaskettu myyntihinta saa olla enint\u00e4\u00e4n 2000 euroa ja arpajaispalkintojen [&hellip;]<\/p>\n","protected":false},"featured_media":79,"comment_status":"closed","ping_status":"closed","template":"","meta":[],"product_brand":[],"product_cat":[47,48,30,16],"product_tag":[49],"class_list":{"0":"post-78","1":"product","2":"type-product","3":"status-publish","4":"has-post-thumbnail","6":"product_cat-lomakkeet-ja-kirjoituspaperit","7":"product_cat-muut-esipainetut-tuotteet","8":"product_cat-toimistotarvikkeet","9":"product_cat-tuotteet","10":"product_tag-arparenkaat","12":"first","13":"instock","14":"purchasable","15":"product-type-simple"},"jetpack_sharing_enabled":true,"_links":{"self":[{"href":"https:\/\/www.hypertera.com\/index.php?rest_route=\/wp\/v2\/product\/78","targetHints":{"allow":["GET"]}}],"collection":[{"href":"https:\/\/www.hypertera.com\/index.php?rest_route=\/wp\/v2\/product"}],"about":[{"href":"https:\/\/www.hypertera.com\/index.php?rest_route=\/wp\/v2\/types\/product"}],"replies":[{"embeddable":true,"href":"https:\/\/www.hypertera.com\/index.php?rest_route=%2Fwp%2Fv2%2Fcomments&post=78"}],"wp:featuredmedia":[{"embeddable":true,"href":"https:\/\/www.hypertera.com\/index.php?rest_route=\/wp\/v2\/media\/79"}],"wp:attachment":[{"href":"https:\/\/www.hypertera.com\/index.php?rest_route=%2Fwp%2Fv2%2Fmedia&parent=78"}],"wp:term":[{"taxonomy":"product_brand","embeddable":true,"href":"https:\/\/www.hypertera.com\/index.php?rest_route=%2Fwp%2Fv2%2Fproduct_brand&post=78"},{"taxonomy":"product_cat","embeddable":true,"href":"https:\/\/www.hypertera.com\/index.php?rest_route=%2Fwp%2Fv2%2Fproduct_cat&post=78"},{"taxonomy":"product_tag","embeddable":true,"href":"https:\/\/www.hypertera.com\/index.php?rest_route=%2Fwp%2Fv2%2Fproduct_tag&post=78"}],"curies":[{"name":"wp","href":"https:\/\/api.w.org\/{rel}","templated":true}]}}