{"id":778,"date":"2022-07-21T14:18:57","date_gmt":"2022-07-21T14:18:57","guid":{"rendered":"https:\/\/www.hypertera.com\/?product=kertakayttohaarukka-bioware-puinen-1-pkt-250"},"modified":"2022-07-21T14:19:46","modified_gmt":"2022-07-21T14:19:46","slug":"kertakayttohaarukka-bioware-puinen-1-pkt-250","status":"publish","type":"product","link":"https:\/\/www.hypertera.com\/?product=kertakayttohaarukka-bioware-puinen-1-pkt-250","title":{"rendered":"Kertak\u00e4ytt\u00f6haarukka, Bioware, puinen, 1 pkt\/250"},"content":{"rendered":"<p>Ymp\u00e4rist\u00f6yst\u00e4v\u00e4llist\u00e4 kertak\u00e4ytt\u00f6kulttuuria!  Puiset haarukat ovat 16,5 cm pitki\u00e4 ja ne on pakattu 250 haarukan pakkaukseen. Kaikki puiset Bioware &#8211; aterimet kompostoituvat t\u00e4ysin teollisissa kompostointiolosuhteissa.<\/p>\n","protected":false},"excerpt":{"rendered":"<p>Puinen haarukka<\/p>\n","protected":false},"featured_media":779,"comment_status":"closed","ping_status":"closed","template":"","meta":[],"product_brand":[],"product_cat":[218,195,16],"product_tag":[272],"class_list":{"0":"post-778","1":"product","2":"type-product","3":"status-publish","4":"has-post-thumbnail","6":"product_cat-kertakayttoastiat","7":"product_cat-taloustarvikkeet","8":"product_cat-tuotteet","9":"product_tag-kertakayttohaarukat","11":"first","12":"instock","13":"purchasable","14":"product-type-simple"},"jetpack_sharing_enabled":true,"_links":{"self":[{"href":"https:\/\/www.hypertera.com\/index.php?rest_route=\/wp\/v2\/product\/778","targetHints":{"allow":["GET"]}}],"collection":[{"href":"https:\/\/www.hypertera.com\/index.php?rest_route=\/wp\/v2\/product"}],"about":[{"href":"https:\/\/www.hypertera.com\/index.php?rest_route=\/wp\/v2\/types\/product"}],"replies":[{"embeddable":true,"href":"https:\/\/www.hypertera.com\/index.php?rest_route=%2Fwp%2Fv2%2Fcomments&post=778"}],"wp:featuredmedia":[{"embeddable":true,"href":"https:\/\/www.hypertera.com\/index.php?rest_route=\/wp\/v2\/media\/779"}],"wp:attachment":[{"href":"https:\/\/www.hypertera.com\/index.php?rest_route=%2Fwp%2Fv2%2Fmedia&parent=778"}],"wp:term":[{"taxonomy":"product_brand","embeddable":true,"href":"https:\/\/www.hypertera.com\/index.php?rest_route=%2Fwp%2Fv2%2Fproduct_brand&post=778"},{"taxonomy":"product_cat","embeddable":true,"href":"https:\/\/www.hypertera.com\/index.php?rest_route=%2Fwp%2Fv2%2Fproduct_cat&post=778"},{"taxonomy":"product_tag","embeddable":true,"href":"https:\/\/www.hypertera.com\/index.php?rest_route=%2Fwp%2Fv2%2Fproduct_tag&post=778"}],"curies":[{"name":"wp","href":"https:\/\/api.w.org\/{rel}","templated":true}]}}