{"id":774,"date":"2022-07-21T14:18:57","date_gmt":"2022-07-21T14:18:57","guid":{"rendered":"https:\/\/www.hypertera.com\/?product=keittion-nikrokuituliina-scotch-brite-850"},"modified":"2022-07-21T14:19:21","modified_gmt":"2022-07-21T14:19:21","slug":"keittion-nikrokuituliina-scotch-brite-850","status":"publish","type":"product","link":"https:\/\/www.hypertera.com\/?product=keittion-nikrokuituliina-scotch-brite-850","title":{"rendered":"Keitti\u00f6n nikrokuituliina, Scotch-Brite 850"},"content":{"rendered":"<p>Scotch-Brite keitti\u00f6n mikrokuituliina. Poistaa lian ja rasvan, kuivuu nopeasti. Konepest\u00e4v\u00e4 90 asteessa n. 50 kertaa.<\/p>\n","protected":false},"excerpt":{"rendered":"<p>Scotch-Brite 850 Mikrokuituliina keitti\u00f6k\u00e4ytt\u00f6\u00f6n<\/p>\n","protected":false},"featured_media":775,"comment_status":"closed","ping_status":"closed","template":"","meta":[],"product_brand":[],"product_cat":[15],"product_tag":[270],"class_list":{"0":"post-774","1":"product","2":"type-product","3":"status-publish","4":"has-post-thumbnail","6":"product_cat-uncategorized","7":"product_tag-mikrokuituliinat","9":"first","10":"instock","11":"purchasable","12":"product-type-simple"},"jetpack_sharing_enabled":true,"_links":{"self":[{"href":"https:\/\/www.hypertera.com\/index.php?rest_route=\/wp\/v2\/product\/774","targetHints":{"allow":["GET"]}}],"collection":[{"href":"https:\/\/www.hypertera.com\/index.php?rest_route=\/wp\/v2\/product"}],"about":[{"href":"https:\/\/www.hypertera.com\/index.php?rest_route=\/wp\/v2\/types\/product"}],"replies":[{"embeddable":true,"href":"https:\/\/www.hypertera.com\/index.php?rest_route=%2Fwp%2Fv2%2Fcomments&post=774"}],"wp:featuredmedia":[{"embeddable":true,"href":"https:\/\/www.hypertera.com\/index.php?rest_route=\/wp\/v2\/media\/775"}],"wp:attachment":[{"href":"https:\/\/www.hypertera.com\/index.php?rest_route=%2Fwp%2Fv2%2Fmedia&parent=774"}],"wp:term":[{"taxonomy":"product_brand","embeddable":true,"href":"https:\/\/www.hypertera.com\/index.php?rest_route=%2Fwp%2Fv2%2Fproduct_brand&post=774"},{"taxonomy":"product_cat","embeddable":true,"href":"https:\/\/www.hypertera.com\/index.php?rest_route=%2Fwp%2Fv2%2Fproduct_cat&post=774"},{"taxonomy":"product_tag","embeddable":true,"href":"https:\/\/www.hypertera.com\/index.php?rest_route=%2Fwp%2Fv2%2Fproduct_tag&post=774"}],"curies":[{"name":"wp","href":"https:\/\/api.w.org\/{rel}","templated":true}]}}