{"id":772,"date":"2022-07-21T14:18:57","date_gmt":"2022-07-21T14:18:57","guid":{"rendered":"https:\/\/www.hypertera.com\/?product=kaukoputki-80-mm-etsin-2-okulaaria-jalusta"},"modified":"2022-07-21T14:19:09","modified_gmt":"2022-07-21T14:19:09","slug":"kaukoputki-80-mm-etsin-2-okulaaria-jalusta","status":"publish","type":"product","link":"https:\/\/www.hypertera.com\/?product=kaukoputki-80-mm-etsin-2-okulaaria-jalusta","title":{"rendered":"Kaukoputki, 80 mm, etsin, 2 okulaaria, jalusta"},"content":{"rendered":"<p>Jopa 80 mm halkaisijalla varustettu kaukoputki esimerkiksi t\u00e4htien tai luonnon tarkkailuun. Mukana tulee kaksi okulaaria eri suurennoksilla sek\u00e4 etsinkaukoputki, jossa on pienempi suurennos ja suuntaus voidaan tehd\u00e4 nopeasti. Lis\u00e4ksi mukana tulee kookas, mutta kevyt, alumiinijalusta. Kaukoputken p\u00e4\u00e4ll\u00e4 on my\u00f6s kompassi. Etsinkaukoputken ja okulaarin kulma on s\u00e4\u00e4dett\u00e4viss\u00e4 haulutuksi. Koko komeuden kruunaa mukana tuleva kantopussi, johon mahtuvat niin jalusta kuin kaukoputki. Okulaarille ja muille tarvikkeille on viel\u00e4 oma pienempi kangaspussi. Polttov\u00e4livastaavuus on 400 mm. Kaukoputkessa on eritt\u00e4in hyv\u00e4 vastavalosuoja, jolloin esimerkiksi kirkas aurinko ei p\u00e4\u00e4se sivusta heikent\u00e4m\u00e4\u00e4n kuvanlaatua. Kaukoputkeen on mahdollista hankkia erikseen kamera-adapteri tavalliselle digikameralle tai j\u00e4rjestelm\u00e4kameralle.<\/p>\n","protected":false},"excerpt":{"rendered":"<p>Kaukoputki jalustalla, obj. 80 mm<\/p>\n","protected":false},"featured_media":773,"comment_status":"closed","ping_status":"closed","template":"","meta":[],"product_brand":[],"product_cat":[15],"product_tag":[269],"class_list":{"0":"post-772","1":"product","2":"type-product","3":"status-publish","4":"has-post-thumbnail","6":"product_cat-uncategorized","7":"product_tag-kaukoputket","9":"first","10":"instock","11":"purchasable","12":"product-type-simple"},"jetpack_sharing_enabled":true,"_links":{"self":[{"href":"https:\/\/www.hypertera.com\/index.php?rest_route=\/wp\/v2\/product\/772","targetHints":{"allow":["GET"]}}],"collection":[{"href":"https:\/\/www.hypertera.com\/index.php?rest_route=\/wp\/v2\/product"}],"about":[{"href":"https:\/\/www.hypertera.com\/index.php?rest_route=\/wp\/v2\/types\/product"}],"replies":[{"embeddable":true,"href":"https:\/\/www.hypertera.com\/index.php?rest_route=%2Fwp%2Fv2%2Fcomments&post=772"}],"wp:featuredmedia":[{"embeddable":true,"href":"https:\/\/www.hypertera.com\/index.php?rest_route=\/wp\/v2\/media\/773"}],"wp:attachment":[{"href":"https:\/\/www.hypertera.com\/index.php?rest_route=%2Fwp%2Fv2%2Fmedia&parent=772"}],"wp:term":[{"taxonomy":"product_brand","embeddable":true,"href":"https:\/\/www.hypertera.com\/index.php?rest_route=%2Fwp%2Fv2%2Fproduct_brand&post=772"},{"taxonomy":"product_cat","embeddable":true,"href":"https:\/\/www.hypertera.com\/index.php?rest_route=%2Fwp%2Fv2%2Fproduct_cat&post=772"},{"taxonomy":"product_tag","embeddable":true,"href":"https:\/\/www.hypertera.com\/index.php?rest_route=%2Fwp%2Fv2%2Fproduct_tag&post=772"}],"curies":[{"name":"wp","href":"https:\/\/api.w.org\/{rel}","templated":true}]}}