{"id":76,"date":"2022-07-21T13:38:54","date_gmt":"2022-07-21T13:38:54","guid":{"rendered":"https:\/\/www.hypertera.com\/?product=arkistopaperi-2-a3-80g-taitettu-1-pkt-250"},"modified":"2022-07-21T13:39:18","modified_gmt":"2022-07-21T13:39:18","slug":"arkistopaperi-2-a3-80g-taitettu-1-pkt-250","status":"publish","type":"product","link":"https:\/\/www.hypertera.com\/?product=arkistopaperi-2-a3-80g-taitettu-1-pkt-250","title":{"rendered":"Arkistopaperi, 2, A3, 80g, taitettu, 1 pkt\/250"},"content":{"rendered":"<p>Arkistokelpoinen, vesileimattu paperi. Taitettu A3, eli 2x A4. Paperin paksuus 80 grammaa. Valmistettu arkistokelpoisuusm\u00e4\u00e4r\u00e4yksen (AL\/9419\/07.01.01.00\/2010) ja arkistolain 831\/94 11 &sect;:n mukaisesti. Soveltuu pysyv\u00e4\u00e4n s\u00e4ilytykseen.<\/p>\n","protected":false},"excerpt":{"rendered":"<p>Arkistokelpoinen, vesileimattu paperi. Taitettu A3, eli 2x A4. Paperin paksuus 80 grammaa. Valmistettu arkistokelpoisuusm\u00e4\u00e4r\u00e4yksen (AL\/9419\/07.01.01.00\/2010) ja arkistolain 831\/94 11 &sect;:n mukaisesti. Soveltuu pysyv\u00e4\u00e4n s\u00e4ilytykseen.<\/p>\n","protected":false},"featured_media":77,"comment_status":"closed","ping_status":"closed","template":"","meta":[],"product_brand":[],"product_cat":[45,44,30,43,42,16],"product_tag":[46],"class_list":{"0":"post-76","1":"product","2":"type-product","3":"status-publish","4":"has-post-thumbnail","6":"product_cat-arkistokotelot-ja-kansiot-kansiot-ja-mapit-toimistotarvikkeet-tulostus-ja-kopiopaperit-kalvottuotteet","7":"product_cat-kansiot-ja-mapit-toimistotarvikkeet-tulostus-ja-kopiopaperit-kalvottuotteet","8":"product_cat-toimistotarvikkeet","9":"product_cat-toimistotarvikkeet-tulostus-ja-kopiopaperit-kalvottuotteet","10":"product_cat-tulostus-ja-kopiopaperit-kalvottuotteet","11":"product_cat-tuotteet","12":"product_tag-arkistopaperit","14":"first","15":"outofstock","16":"purchasable","17":"product-type-simple"},"jetpack_sharing_enabled":true,"_links":{"self":[{"href":"https:\/\/www.hypertera.com\/index.php?rest_route=\/wp\/v2\/product\/76","targetHints":{"allow":["GET"]}}],"collection":[{"href":"https:\/\/www.hypertera.com\/index.php?rest_route=\/wp\/v2\/product"}],"about":[{"href":"https:\/\/www.hypertera.com\/index.php?rest_route=\/wp\/v2\/types\/product"}],"replies":[{"embeddable":true,"href":"https:\/\/www.hypertera.com\/index.php?rest_route=%2Fwp%2Fv2%2Fcomments&post=76"}],"wp:featuredmedia":[{"embeddable":true,"href":"https:\/\/www.hypertera.com\/index.php?rest_route=\/wp\/v2\/media\/77"}],"wp:attachment":[{"href":"https:\/\/www.hypertera.com\/index.php?rest_route=%2Fwp%2Fv2%2Fmedia&parent=76"}],"wp:term":[{"taxonomy":"product_brand","embeddable":true,"href":"https:\/\/www.hypertera.com\/index.php?rest_route=%2Fwp%2Fv2%2Fproduct_brand&post=76"},{"taxonomy":"product_cat","embeddable":true,"href":"https:\/\/www.hypertera.com\/index.php?rest_route=%2Fwp%2Fv2%2Fproduct_cat&post=76"},{"taxonomy":"product_tag","embeddable":true,"href":"https:\/\/www.hypertera.com\/index.php?rest_route=%2Fwp%2Fv2%2Fproduct_tag&post=76"}],"curies":[{"name":"wp","href":"https:\/\/api.w.org\/{rel}","templated":true}]}}