{"id":736,"date":"2022-07-21T14:17:56","date_gmt":"2022-07-21T14:17:56","guid":{"rendered":"https:\/\/www.hypertera.com\/?product=kartonkipikari-juhla-mokka-250-ml-pahvi-1-pkt-80"},"modified":"2022-07-21T14:18:03","modified_gmt":"2022-07-21T14:18:03","slug":"kartonkipikari-juhla-mokka-250-ml-pahvi-1-pkt-80","status":"publish","type":"product","link":"https:\/\/www.hypertera.com\/?product=kartonkipikari-juhla-mokka-250-ml-pahvi-1-pkt-80","title":{"rendered":"Kartonkipikari, Juhla-Mokka, 250 ml, pahvi, 1 pkt\/80"},"content":{"rendered":"<p>Kuumajuomapikari tyylikk\u00e4\u00e4ll\u00e4 &quot;Juhla-Mokka&quot;- painatuksella. Tukevasta kartongista valmistettu kuumajuomapikari. Juoman kuljettaminen on helppoa sek\u00e4 turvallista. Pikariin on saatavilla my\u00f6s kansi AST-X1M.<\/p>\n","protected":false},"excerpt":{"rendered":"<p>Kuumajuomapikari tyylikk\u00e4\u00e4ll\u00e4 &quot;Juhla-Mokka&quot;- painatuksella. Tukevasta kartongista valmistettu kuumajuomapikari. Juoman kuljettaminen on helppoa sek\u00e4 turvallista. Pikariin on saatavilla my\u00f6s kansi AST-X1M.<\/p>\n","protected":false},"featured_media":737,"comment_status":"closed","ping_status":"closed","template":"","meta":[],"product_brand":[],"product_cat":[15],"product_tag":[254],"class_list":{"0":"post-736","1":"product","2":"type-product","3":"status-publish","4":"has-post-thumbnail","6":"product_cat-uncategorized","7":"product_tag-kartonkipikarit","9":"first","10":"instock","11":"purchasable","12":"product-type-simple"},"jetpack_sharing_enabled":true,"_links":{"self":[{"href":"https:\/\/www.hypertera.com\/index.php?rest_route=\/wp\/v2\/product\/736","targetHints":{"allow":["GET"]}}],"collection":[{"href":"https:\/\/www.hypertera.com\/index.php?rest_route=\/wp\/v2\/product"}],"about":[{"href":"https:\/\/www.hypertera.com\/index.php?rest_route=\/wp\/v2\/types\/product"}],"replies":[{"embeddable":true,"href":"https:\/\/www.hypertera.com\/index.php?rest_route=%2Fwp%2Fv2%2Fcomments&post=736"}],"wp:featuredmedia":[{"embeddable":true,"href":"https:\/\/www.hypertera.com\/index.php?rest_route=\/wp\/v2\/media\/737"}],"wp:attachment":[{"href":"https:\/\/www.hypertera.com\/index.php?rest_route=%2Fwp%2Fv2%2Fmedia&parent=736"}],"wp:term":[{"taxonomy":"product_brand","embeddable":true,"href":"https:\/\/www.hypertera.com\/index.php?rest_route=%2Fwp%2Fv2%2Fproduct_brand&post=736"},{"taxonomy":"product_cat","embeddable":true,"href":"https:\/\/www.hypertera.com\/index.php?rest_route=%2Fwp%2Fv2%2Fproduct_cat&post=736"},{"taxonomy":"product_tag","embeddable":true,"href":"https:\/\/www.hypertera.com\/index.php?rest_route=%2Fwp%2Fv2%2Fproduct_tag&post=736"}],"curies":[{"name":"wp","href":"https:\/\/api.w.org\/{rel}","templated":true}]}}