{"id":708,"date":"2022-07-21T14:17:03","date_gmt":"2022-07-21T14:17:03","guid":{"rendered":"https:\/\/www.hypertera.com\/?product=kansiokotelo-koottava-70-mm-valkoinen"},"modified":"2022-07-21T14:17:25","modified_gmt":"2022-07-21T14:17:25","slug":"kansiokotelo-koottava-70-mm-valkoinen","status":"publish","type":"product","link":"https:\/\/www.hypertera.com\/?product=kansiokotelo-koottava-70-mm-valkoinen","title":{"rendered":"Kansiokotelo, koottava, 70 mm, valkoinen"},"content":{"rendered":"<p>Aaltopahvista tehty valkoinen kansiokotelo. Toimitetaan v\u00e4h\u00e4n tilaa viev\u00e4ss\u00e4 litte\u00e4ss\u00e4 paketissa. Helppo ja nopea koota.  Sopii 70 mm leveille kansioille.<\/p>\n","protected":false},"excerpt":{"rendered":"<p>F-Office Kansiokotelo 70 mm<\/p>\n","protected":false},"featured_media":709,"comment_status":"closed","ping_status":"closed","template":"","meta":[],"product_brand":[],"product_cat":[15],"product_tag":[243],"class_list":{"0":"post-708","1":"product","2":"type-product","3":"status-publish","4":"has-post-thumbnail","6":"product_cat-uncategorized","7":"product_tag-kansiokotelot","9":"first","10":"instock","11":"purchasable","12":"product-type-simple"},"jetpack_sharing_enabled":true,"_links":{"self":[{"href":"https:\/\/www.hypertera.com\/index.php?rest_route=\/wp\/v2\/product\/708","targetHints":{"allow":["GET"]}}],"collection":[{"href":"https:\/\/www.hypertera.com\/index.php?rest_route=\/wp\/v2\/product"}],"about":[{"href":"https:\/\/www.hypertera.com\/index.php?rest_route=\/wp\/v2\/types\/product"}],"replies":[{"embeddable":true,"href":"https:\/\/www.hypertera.com\/index.php?rest_route=%2Fwp%2Fv2%2Fcomments&post=708"}],"wp:featuredmedia":[{"embeddable":true,"href":"https:\/\/www.hypertera.com\/index.php?rest_route=\/wp\/v2\/media\/709"}],"wp:attachment":[{"href":"https:\/\/www.hypertera.com\/index.php?rest_route=%2Fwp%2Fv2%2Fmedia&parent=708"}],"wp:term":[{"taxonomy":"product_brand","embeddable":true,"href":"https:\/\/www.hypertera.com\/index.php?rest_route=%2Fwp%2Fv2%2Fproduct_brand&post=708"},{"taxonomy":"product_cat","embeddable":true,"href":"https:\/\/www.hypertera.com\/index.php?rest_route=%2Fwp%2Fv2%2Fproduct_cat&post=708"},{"taxonomy":"product_tag","embeddable":true,"href":"https:\/\/www.hypertera.com\/index.php?rest_route=%2Fwp%2Fv2%2Fproduct_tag&post=708"}],"curies":[{"name":"wp","href":"https:\/\/api.w.org\/{rel}","templated":true}]}}