{"id":704,"date":"2022-07-21T14:17:03","date_gmt":"2022-07-21T14:17:03","guid":{"rendered":"https:\/\/www.hypertera.com\/?product=x-kanakeitto-leader-ackd-easy-diet-49gpoistunut"},"modified":"2022-07-21T14:17:23","modified_gmt":"2022-07-21T14:17:23","slug":"x-kanakeitto-leader-ackd-easy-diet-49gpoistunut","status":"publish","type":"product","link":"https:\/\/www.hypertera.com\/?product=x-kanakeitto-leader-ackd-easy-diet-49gpoistunut","title":{"rendered":"X Kanakeitto, Leader ACKD Easy Diet, 49g(POISTUNUT)"},"content":{"rendered":"<p>ACKD Easy Diet kanakeitto on loistava ja maukas ateriankorvikevalmiste laihduttajille. Keitossa on v\u00e4h\u00e4n energiaa. Kanakeitto on helppo valmistaa, lis\u00e4\u00e4 vain vesi. Ohjeen mukaan valmistettu Easy Diet kanakeitto ei sis\u00e4ll\u00e4 natriumglutamaattia eik\u00e4 keinomakeutusaineita.   Keitto on tarkoitettu terveille ja ylipainoisille (BMI>25) henkil\u00f6ille. Ainoana ravinnonl\u00e4hteen\u00e4 kanakeittoa voi k\u00e4ytt\u00e4\u00e4 enint\u00e4\u00e4n 3 viikkoa yht\u00e4jaksoisesti.   Keitto sis\u00e4lt\u00e4\u00e4 laktoosia, soijaa sek\u00e4 maitoper\u00e4isi\u00e4 aineita.<\/p>\n","protected":false},"excerpt":{"rendered":"<p>Kanakeitto, Leader ACKD Easy Diet, 49g<\/p>\n","protected":false},"featured_media":705,"comment_status":"closed","ping_status":"closed","template":"","meta":[],"product_brand":[],"product_cat":[15],"product_tag":[242],"class_list":{"0":"post-704","1":"product","2":"type-product","3":"status-publish","4":"has-post-thumbnail","6":"product_cat-uncategorized","7":"product_tag-keitot","9":"first","10":"instock","11":"purchasable","12":"product-type-simple"},"jetpack_sharing_enabled":true,"_links":{"self":[{"href":"https:\/\/www.hypertera.com\/index.php?rest_route=\/wp\/v2\/product\/704","targetHints":{"allow":["GET"]}}],"collection":[{"href":"https:\/\/www.hypertera.com\/index.php?rest_route=\/wp\/v2\/product"}],"about":[{"href":"https:\/\/www.hypertera.com\/index.php?rest_route=\/wp\/v2\/types\/product"}],"replies":[{"embeddable":true,"href":"https:\/\/www.hypertera.com\/index.php?rest_route=%2Fwp%2Fv2%2Fcomments&post=704"}],"wp:featuredmedia":[{"embeddable":true,"href":"https:\/\/www.hypertera.com\/index.php?rest_route=\/wp\/v2\/media\/705"}],"wp:attachment":[{"href":"https:\/\/www.hypertera.com\/index.php?rest_route=%2Fwp%2Fv2%2Fmedia&parent=704"}],"wp:term":[{"taxonomy":"product_brand","embeddable":true,"href":"https:\/\/www.hypertera.com\/index.php?rest_route=%2Fwp%2Fv2%2Fproduct_brand&post=704"},{"taxonomy":"product_cat","embeddable":true,"href":"https:\/\/www.hypertera.com\/index.php?rest_route=%2Fwp%2Fv2%2Fproduct_cat&post=704"},{"taxonomy":"product_tag","embeddable":true,"href":"https:\/\/www.hypertera.com\/index.php?rest_route=%2Fwp%2Fv2%2Fproduct_tag&post=704"}],"curies":[{"name":"wp","href":"https:\/\/api.w.org\/{rel}","templated":true}]}}