{"id":702,"date":"2022-07-21T14:17:03","date_gmt":"2022-07-21T14:17:03","guid":{"rendered":"https:\/\/www.hypertera.com\/?product=kampasidontakansi-a4-230g-nahkakuviointi-punainen-1-ltk-100"},"modified":"2022-07-21T14:17:20","modified_gmt":"2022-07-21T14:17:20","slug":"kampasidontakansi-a4-230g-nahkakuviointi-punainen-1-ltk-100","status":"publish","type":"product","link":"https:\/\/www.hypertera.com\/?product=kampasidontakansi-a4-230g-nahkakuviointi-punainen-1-ltk-100","title":{"rendered":"Kampasidontakansi, A4, 230g, nahkakuviointi, punainen, 1 ltk\/100"},"content":{"rendered":"<p>230 g\/m2 kampasidontakansi nahkakuvioinnilla. Laatikossa 100 kantta.  Suojaa sidottava asiakirjat t\u00e4ll\u00e4 tyylikk\u00e4\u00e4ll\u00e4 kartonkisella kannella.<\/p>\n","protected":false},"excerpt":{"rendered":"<p>Punainen F-Office Kampasidontakansi, 1 ltk\/100<\/p>\n","protected":false},"featured_media":703,"comment_status":"closed","ping_status":"closed","template":"","meta":[],"product_brand":[],"product_cat":[239,237,240,234,236,228,238,235,30,16],"product_tag":[241],"class_list":{"0":"post-702","1":"product","2":"type-product","3":"status-publish","4":"has-post-thumbnail","6":"product_cat-asiakirjojen-sidonta-toimistotarvikkeet-kampaselat-ja-tarvikkeettuotteet-sidonta-laminointitarvikkeet-toimistotarvikkeet-kampasidontakannettuotteet","7":"product_cat-kampaselat-ja-tarvikkeettuotteet-sidonta-laminointitarvikkeet-toimistotarvikkeet-kampasidontakannettuotteet","8":"product_cat-kampasidonta-asiakirjojen-sidonta-toimistotarvikkeet-kampaselat-ja-tarvikkeettuotteet-sidonta-laminointitarvikkeet-toimistotarvikkeet-kampasidontakannettuotteet","9":"product_cat-kampasidontakannettuotteet","10":"product_cat-sidonta-laminointitarvikkeet-toimistotarvikkeet-kampasidontakannettuotteet","11":"product_cat-sidonta-laminointitarvikkeet","12":"product_cat-toimistotarvikkeet-kampaselat-ja-tarvikkeettuotteet-sidonta-laminointitarvikkeet-toimistotarvikkeet-kampasidontakannettuotteet","13":"product_cat-toimistotarvikkeet-kampasidontakannettuotteet","14":"product_cat-toimistotarvikkeet","15":"product_cat-tuotteet","16":"product_tag-kampasidontakannet","18":"first","19":"instock","20":"purchasable","21":"product-type-simple"},"jetpack_sharing_enabled":true,"_links":{"self":[{"href":"https:\/\/www.hypertera.com\/index.php?rest_route=\/wp\/v2\/product\/702","targetHints":{"allow":["GET"]}}],"collection":[{"href":"https:\/\/www.hypertera.com\/index.php?rest_route=\/wp\/v2\/product"}],"about":[{"href":"https:\/\/www.hypertera.com\/index.php?rest_route=\/wp\/v2\/types\/product"}],"replies":[{"embeddable":true,"href":"https:\/\/www.hypertera.com\/index.php?rest_route=%2Fwp%2Fv2%2Fcomments&post=702"}],"wp:featuredmedia":[{"embeddable":true,"href":"https:\/\/www.hypertera.com\/index.php?rest_route=\/wp\/v2\/media\/703"}],"wp:attachment":[{"href":"https:\/\/www.hypertera.com\/index.php?rest_route=%2Fwp%2Fv2%2Fmedia&parent=702"}],"wp:term":[{"taxonomy":"product_brand","embeddable":true,"href":"https:\/\/www.hypertera.com\/index.php?rest_route=%2Fwp%2Fv2%2Fproduct_brand&post=702"},{"taxonomy":"product_cat","embeddable":true,"href":"https:\/\/www.hypertera.com\/index.php?rest_route=%2Fwp%2Fv2%2Fproduct_cat&post=702"},{"taxonomy":"product_tag","embeddable":true,"href":"https:\/\/www.hypertera.com\/index.php?rest_route=%2Fwp%2Fv2%2Fproduct_tag&post=702"}],"curies":[{"name":"wp","href":"https:\/\/api.w.org\/{rel}","templated":true}]}}