{"id":66,"date":"2022-07-21T13:38:54","date_gmt":"2022-07-21T13:38:54","guid":{"rendered":"https:\/\/www.hypertera.com\/?product=arkistolaatikko-kraft-kartonkia-a4-100-mm"},"modified":"2022-07-21T13:39:10","modified_gmt":"2022-07-21T13:39:10","slug":"arkistolaatikko-kraft-kartonkia-a4-100-mm","status":"publish","type":"product","link":"https:\/\/www.hypertera.com\/?product=arkistolaatikko-kraft-kartonkia-a4-100-mm","title":{"rendered":"Arkistolaatikko, kraft kartonkia, A4, 100 mm"},"content":{"rendered":"<p>Arkistolaatikko, joka on ideaalinen ratkaisu papereiden pitk\u00e4aikaiseen s\u00e4il\u00f6miseen. Laatikko on valmistettu aaltopahvista. Laatikossa on rei\u00e4t, jotka helpottavat kansion k\u00e4sittely\u00e4 sek\u00e4 viivoja muistiinpanoille. Leveys: 100 mm.<\/p>\n","protected":false},"excerpt":{"rendered":"<p>F-Office Arkistolaatikko<\/p>\n","protected":false},"featured_media":67,"comment_status":"closed","ping_status":"closed","template":"","meta":[],"product_brand":[],"product_cat":[32,31,30,16],"product_tag":[41],"class_list":{"0":"post-66","1":"product","2":"type-product","3":"status-publish","4":"has-post-thumbnail","6":"product_cat-arkistokotelot-ja-kansiot","7":"product_cat-kansiot-ja-mapit","8":"product_cat-toimistotarvikkeet","9":"product_cat-tuotteet","10":"product_tag-arkistolaatikot","12":"first","13":"instock","14":"purchasable","15":"product-type-simple"},"jetpack_sharing_enabled":true,"_links":{"self":[{"href":"https:\/\/www.hypertera.com\/index.php?rest_route=\/wp\/v2\/product\/66","targetHints":{"allow":["GET"]}}],"collection":[{"href":"https:\/\/www.hypertera.com\/index.php?rest_route=\/wp\/v2\/product"}],"about":[{"href":"https:\/\/www.hypertera.com\/index.php?rest_route=\/wp\/v2\/types\/product"}],"replies":[{"embeddable":true,"href":"https:\/\/www.hypertera.com\/index.php?rest_route=%2Fwp%2Fv2%2Fcomments&post=66"}],"wp:featuredmedia":[{"embeddable":true,"href":"https:\/\/www.hypertera.com\/index.php?rest_route=\/wp\/v2\/media\/67"}],"wp:attachment":[{"href":"https:\/\/www.hypertera.com\/index.php?rest_route=%2Fwp%2Fv2%2Fmedia&parent=66"}],"wp:term":[{"taxonomy":"product_brand","embeddable":true,"href":"https:\/\/www.hypertera.com\/index.php?rest_route=%2Fwp%2Fv2%2Fproduct_brand&post=66"},{"taxonomy":"product_cat","embeddable":true,"href":"https:\/\/www.hypertera.com\/index.php?rest_route=%2Fwp%2Fv2%2Fproduct_cat&post=66"},{"taxonomy":"product_tag","embeddable":true,"href":"https:\/\/www.hypertera.com\/index.php?rest_route=%2Fwp%2Fv2%2Fproduct_tag&post=66"}],"curies":[{"name":"wp","href":"https:\/\/api.w.org\/{rel}","templated":true}]}}