{"id":656,"date":"2022-07-21T14:15:28","date_gmt":"2022-07-21T14:15:28","guid":{"rendered":"https:\/\/www.hypertera.com\/?product=kampaselka-16mm-21-rengasta-musta"},"modified":"2022-07-21T14:15:45","modified_gmt":"2022-07-21T14:15:45","slug":"kampaselka-16mm-21-rengasta-musta","status":"publish","type":"product","link":"https:\/\/www.hypertera.com\/?product=kampaselka-16mm-21-rengasta-musta","title":{"rendered":"Kampaselk\u00e4, 16mm, 21 rengasta, musta"},"content":{"rendered":"<p>Kampaselk\u00e4 kampasidontalaitteille. 21 rengasta. Paketissa 100 kappaletta.    Kampasel\u00e4n halkaisija 16 mm. Sidontakapasiteetti 100-120 arkkia (80 g)<\/p>\n","protected":false},"excerpt":{"rendered":"<p>Musta Forpus Kampaselk\u00e4<\/p>\n","protected":false},"featured_media":657,"comment_status":"closed","ping_status":"closed","template":"","meta":[],"product_brand":[],"product_cat":[231,229,232,228,230,30,16],"product_tag":[233],"class_list":{"0":"post-656","1":"product","2":"type-product","3":"status-publish","4":"has-post-thumbnail","6":"product_cat-asiakirjojen-sidonta","7":"product_cat-kampaselat-ja-tarvikkeettuotteet","8":"product_cat-kampasidonta","9":"product_cat-sidonta-laminointitarvikkeet","10":"product_cat-toimistotarvikkeet-kampaselat-ja-tarvikkeettuotteet","11":"product_cat-toimistotarvikkeet","12":"product_cat-tuotteet","13":"product_tag-kampaselat","15":"first","16":"instock","17":"purchasable","18":"product-type-simple"},"jetpack_sharing_enabled":true,"_links":{"self":[{"href":"https:\/\/www.hypertera.com\/index.php?rest_route=\/wp\/v2\/product\/656","targetHints":{"allow":["GET"]}}],"collection":[{"href":"https:\/\/www.hypertera.com\/index.php?rest_route=\/wp\/v2\/product"}],"about":[{"href":"https:\/\/www.hypertera.com\/index.php?rest_route=\/wp\/v2\/types\/product"}],"replies":[{"embeddable":true,"href":"https:\/\/www.hypertera.com\/index.php?rest_route=%2Fwp%2Fv2%2Fcomments&post=656"}],"wp:featuredmedia":[{"embeddable":true,"href":"https:\/\/www.hypertera.com\/index.php?rest_route=\/wp\/v2\/media\/657"}],"wp:attachment":[{"href":"https:\/\/www.hypertera.com\/index.php?rest_route=%2Fwp%2Fv2%2Fmedia&parent=656"}],"wp:term":[{"taxonomy":"product_brand","embeddable":true,"href":"https:\/\/www.hypertera.com\/index.php?rest_route=%2Fwp%2Fv2%2Fproduct_brand&post=656"},{"taxonomy":"product_cat","embeddable":true,"href":"https:\/\/www.hypertera.com\/index.php?rest_route=%2Fwp%2Fv2%2Fproduct_cat&post=656"},{"taxonomy":"product_tag","embeddable":true,"href":"https:\/\/www.hypertera.com\/index.php?rest_route=%2Fwp%2Fv2%2Fproduct_tag&post=656"}],"curies":[{"name":"wp","href":"https:\/\/api.w.org\/{rel}","templated":true}]}}