{"id":64,"date":"2022-07-21T13:38:54","date_gmt":"2022-07-21T13:38:54","guid":{"rendered":"https:\/\/www.hypertera.com\/?product=x-arkistokotelo-arkiva-a4-7cmpoistunut"},"modified":"2022-07-21T13:39:09","modified_gmt":"2022-07-21T13:39:09","slug":"x-arkistokotelo-arkiva-a4-7cmpoistunut","status":"publish","type":"product","link":"https:\/\/www.hypertera.com\/?product=x-arkistokotelo-arkiva-a4-7cmpoistunut","title":{"rendered":"X Arkistokotelo, Arkiva A4 7cm(POISTUNUT)"},"content":{"rendered":"<p>Arkistokotelo joka voidaan koota joko ruskea tai valkoinen puoli p\u00e4\u00e4llep\u00e4in.  Materiaali Multiboard Kraft 425g. Uusiomassan osuus 50 %. Koko K 317 x L 236 x S 70 mm. Toimitetaan levyn\u00e4.<\/p>\n","protected":false},"excerpt":{"rendered":"<p>Arkistokotelo joka voidaan koota joko ruskea tai valkoinen puoli p\u00e4\u00e4llep\u00e4in. Materiaali Multiboard Kraft 425g. Uusiomassan osuus 50 %. Koko K 317 x L 236 x S 70 mm. Toimitetaan levyn\u00e4.<\/p>\n","protected":false},"featured_media":65,"comment_status":"closed","ping_status":"closed","template":"","meta":[],"product_brand":[],"product_cat":[32,31,30,16],"product_tag":[40],"class_list":{"0":"post-64","1":"product","2":"type-product","3":"status-publish","4":"has-post-thumbnail","6":"product_cat-arkistokotelot-ja-kansiot","7":"product_cat-kansiot-ja-mapit","8":"product_cat-toimistotarvikkeet","9":"product_cat-tuotteet","10":"product_tag-arkistokotelot","12":"first","13":"instock","14":"purchasable","15":"product-type-simple"},"jetpack_sharing_enabled":true,"_links":{"self":[{"href":"https:\/\/www.hypertera.com\/index.php?rest_route=\/wp\/v2\/product\/64","targetHints":{"allow":["GET"]}}],"collection":[{"href":"https:\/\/www.hypertera.com\/index.php?rest_route=\/wp\/v2\/product"}],"about":[{"href":"https:\/\/www.hypertera.com\/index.php?rest_route=\/wp\/v2\/types\/product"}],"replies":[{"embeddable":true,"href":"https:\/\/www.hypertera.com\/index.php?rest_route=%2Fwp%2Fv2%2Fcomments&post=64"}],"wp:featuredmedia":[{"embeddable":true,"href":"https:\/\/www.hypertera.com\/index.php?rest_route=\/wp\/v2\/media\/65"}],"wp:attachment":[{"href":"https:\/\/www.hypertera.com\/index.php?rest_route=%2Fwp%2Fv2%2Fmedia&parent=64"}],"wp:term":[{"taxonomy":"product_brand","embeddable":true,"href":"https:\/\/www.hypertera.com\/index.php?rest_route=%2Fwp%2Fv2%2Fproduct_brand&post=64"},{"taxonomy":"product_cat","embeddable":true,"href":"https:\/\/www.hypertera.com\/index.php?rest_route=%2Fwp%2Fv2%2Fproduct_cat&post=64"},{"taxonomy":"product_tag","embeddable":true,"href":"https:\/\/www.hypertera.com\/index.php?rest_route=%2Fwp%2Fv2%2Fproduct_tag&post=64"}],"curies":[{"name":"wp","href":"https:\/\/api.w.org\/{rel}","templated":true}]}}