{"id":632,"date":"2022-07-21T14:14:52","date_gmt":"2022-07-21T14:14:52","guid":{"rendered":"https:\/\/www.hypertera.com\/?product=kaiuttimet-jamo-ds1-bluetooth-musta-polkupyoraan"},"modified":"2022-07-21T14:14:53","modified_gmt":"2022-07-21T14:14:53","slug":"kaiuttimet-jamo-ds1-bluetooth-musta-polkupyoraan","status":"publish","type":"product","link":"https:\/\/www.hypertera.com\/?product=kaiuttimet-jamo-ds1-bluetooth-musta-polkupyoraan","title":{"rendered":"Kaiuttimet, Jamo DS1, Bluetooth, Musta, Polkupy\u00f6r\u00e4\u00e4n"},"content":{"rendered":"<p>Tuote on helppo kiinnitt\u00e4\u00e4 esim. py\u00f6r\u00e4\u00e4n, mukana tulee ohjaustankokiinnike ja rannehihna. Tuotteessa on my\u00f6s LED-py\u00f6r\u00e4valo  Helppo k\u00e4ytt\u00e4\u00e4  LED- py\u00f6r\u00e4valo  6 tunnin akun kesto  Kest\u00e4v\u00e4 ohjaustankokiiinnike + rannehihna  Roiskekest\u00e4v\u00e4<\/p>\n","protected":false},"excerpt":{"rendered":"<p>Musta Jamo DS1 Bluetooth Kaiuttimet, Polkupy\u00f6r\u00e4\u00e4n<\/p>\n","protected":false},"featured_media":633,"comment_status":"closed","ping_status":"closed","template":"","meta":[],"product_brand":[],"product_cat":[15],"product_tag":[222],"class_list":{"0":"post-632","1":"product","2":"type-product","3":"status-publish","4":"has-post-thumbnail","6":"product_cat-uncategorized","7":"product_tag-kaiuttimet","9":"first","10":"outofstock","11":"purchasable","12":"product-type-simple"},"jetpack_sharing_enabled":true,"_links":{"self":[{"href":"https:\/\/www.hypertera.com\/index.php?rest_route=\/wp\/v2\/product\/632","targetHints":{"allow":["GET"]}}],"collection":[{"href":"https:\/\/www.hypertera.com\/index.php?rest_route=\/wp\/v2\/product"}],"about":[{"href":"https:\/\/www.hypertera.com\/index.php?rest_route=\/wp\/v2\/types\/product"}],"replies":[{"embeddable":true,"href":"https:\/\/www.hypertera.com\/index.php?rest_route=%2Fwp%2Fv2%2Fcomments&post=632"}],"wp:featuredmedia":[{"embeddable":true,"href":"https:\/\/www.hypertera.com\/index.php?rest_route=\/wp\/v2\/media\/633"}],"wp:attachment":[{"href":"https:\/\/www.hypertera.com\/index.php?rest_route=%2Fwp%2Fv2%2Fmedia&parent=632"}],"wp:term":[{"taxonomy":"product_brand","embeddable":true,"href":"https:\/\/www.hypertera.com\/index.php?rest_route=%2Fwp%2Fv2%2Fproduct_brand&post=632"},{"taxonomy":"product_cat","embeddable":true,"href":"https:\/\/www.hypertera.com\/index.php?rest_route=%2Fwp%2Fv2%2Fproduct_cat&post=632"},{"taxonomy":"product_tag","embeddable":true,"href":"https:\/\/www.hypertera.com\/index.php?rest_route=%2Fwp%2Fv2%2Fproduct_tag&post=632"}],"curies":[{"name":"wp","href":"https:\/\/api.w.org\/{rel}","templated":true}]}}