{"id":629,"date":"2022-07-21T14:14:25","date_gmt":"2022-07-21T14:14:25","guid":{"rendered":"https:\/\/www.hypertera.com\/?product=kahvilusikka-115-mm-valkoinen-muovi-1-pss-200"},"modified":"2022-07-21T14:14:48","modified_gmt":"2022-07-21T14:14:48","slug":"kahvilusikka-115-mm-valkoinen-muovi-1-pss-200","status":"publish","type":"product","link":"https:\/\/www.hypertera.com\/?product=kahvilusikka-115-mm-valkoinen-muovi-1-pss-200","title":{"rendered":"Kahvilusikka, 115 mm, valkoinen, muovi, 1 pss\/200"},"content":{"rendered":"<p>Valkoista muovia olevat kertak\u00e4ytt\u00f6lusikat on pakattu k\u00e4tev\u00e4\u00e4n pakkaukseen. Loistava esimerkiksi ty\u00f6paikan kahvihuoneeseen!<\/p>\n","protected":false},"excerpt":{"rendered":"<p>Kertak\u00e4ytt\u00f6kahvilusikka, muovia<\/p>\n","protected":false},"featured_media":630,"comment_status":"closed","ping_status":"closed","template":"","meta":[],"product_brand":[],"product_cat":[218,195,16],"product_tag":[220],"class_list":{"0":"post-629","1":"product","2":"type-product","3":"status-publish","4":"has-post-thumbnail","6":"product_cat-kertakayttoastiat","7":"product_cat-taloustarvikkeet","8":"product_cat-tuotteet","9":"product_tag-kertakayttolusikat","11":"first","12":"instock","13":"purchasable","14":"product-type-simple"},"jetpack_sharing_enabled":true,"_links":{"self":[{"href":"https:\/\/www.hypertera.com\/index.php?rest_route=\/wp\/v2\/product\/629","targetHints":{"allow":["GET"]}}],"collection":[{"href":"https:\/\/www.hypertera.com\/index.php?rest_route=\/wp\/v2\/product"}],"about":[{"href":"https:\/\/www.hypertera.com\/index.php?rest_route=\/wp\/v2\/types\/product"}],"replies":[{"embeddable":true,"href":"https:\/\/www.hypertera.com\/index.php?rest_route=%2Fwp%2Fv2%2Fcomments&post=629"}],"wp:featuredmedia":[{"embeddable":true,"href":"https:\/\/www.hypertera.com\/index.php?rest_route=\/wp\/v2\/media\/630"}],"wp:attachment":[{"href":"https:\/\/www.hypertera.com\/index.php?rest_route=%2Fwp%2Fv2%2Fmedia&parent=629"}],"wp:term":[{"taxonomy":"product_brand","embeddable":true,"href":"https:\/\/www.hypertera.com\/index.php?rest_route=%2Fwp%2Fv2%2Fproduct_brand&post=629"},{"taxonomy":"product_cat","embeddable":true,"href":"https:\/\/www.hypertera.com\/index.php?rest_route=%2Fwp%2Fv2%2Fproduct_cat&post=629"},{"taxonomy":"product_tag","embeddable":true,"href":"https:\/\/www.hypertera.com\/index.php?rest_route=%2Fwp%2Fv2%2Fproduct_tag&post=629"}],"curies":[{"name":"wp","href":"https:\/\/api.w.org\/{rel}","templated":true}]}}