{"id":621,"date":"2022-07-21T14:14:25","date_gmt":"2022-07-21T14:14:25","guid":{"rendered":"https:\/\/www.hypertera.com\/?product=kaapelin-merkkaus-sarja-10x10-varianumerot-0-9-varilajitelma"},"modified":"2022-07-21T14:14:40","modified_gmt":"2022-07-21T14:14:40","slug":"kaapelin-merkkaus-sarja-10x10-varianumerot-0-9-varilajitelma","status":"publish","type":"product","link":"https:\/\/www.hypertera.com\/?product=kaapelin-merkkaus-sarja-10x10-varianumerot-0-9-varilajitelma","title":{"rendered":"Kaapelin merkkaus sarja, 10&#215;10 v\u00e4ri\u00e4+numerot 0-9, v\u00e4rilajitelma"},"content":{"rendered":"<p>Kaapelin merkkaus-sarja.  Sis\u00e4lt\u00e4\u00e4:  &#8211; paksuus 4-6mm  &#8211; 10&#215;10 v\u00e4ri\u00e4  &#8211; numerot 0-9  &#8211; yksi numero yht\u00e4 v\u00e4ri\u00e4 esim. 0=musta<\/p>\n","protected":false},"excerpt":{"rendered":"<p>V\u00e4rilajitelma 10&#215;10 v\u00e4ri\u00e4+numerot 0-9 Kaapelin merkkaus sarja<\/p>\n","protected":false},"featured_media":622,"comment_status":"closed","ping_status":"closed","template":"","meta":[],"product_brand":[],"product_cat":[15],"product_tag":[209],"class_list":{"0":"post-621","1":"product","2":"type-product","3":"status-publish","4":"has-post-thumbnail","6":"product_cat-uncategorized","7":"product_tag-kaapelin-merkkaus-sarjat","9":"first","10":"instock","11":"purchasable","12":"product-type-simple"},"jetpack_sharing_enabled":true,"_links":{"self":[{"href":"https:\/\/www.hypertera.com\/index.php?rest_route=\/wp\/v2\/product\/621","targetHints":{"allow":["GET"]}}],"collection":[{"href":"https:\/\/www.hypertera.com\/index.php?rest_route=\/wp\/v2\/product"}],"about":[{"href":"https:\/\/www.hypertera.com\/index.php?rest_route=\/wp\/v2\/types\/product"}],"replies":[{"embeddable":true,"href":"https:\/\/www.hypertera.com\/index.php?rest_route=%2Fwp%2Fv2%2Fcomments&post=621"}],"wp:featuredmedia":[{"embeddable":true,"href":"https:\/\/www.hypertera.com\/index.php?rest_route=\/wp\/v2\/media\/622"}],"wp:attachment":[{"href":"https:\/\/www.hypertera.com\/index.php?rest_route=%2Fwp%2Fv2%2Fmedia&parent=621"}],"wp:term":[{"taxonomy":"product_brand","embeddable":true,"href":"https:\/\/www.hypertera.com\/index.php?rest_route=%2Fwp%2Fv2%2Fproduct_brand&post=621"},{"taxonomy":"product_cat","embeddable":true,"href":"https:\/\/www.hypertera.com\/index.php?rest_route=%2Fwp%2Fv2%2Fproduct_cat&post=621"},{"taxonomy":"product_tag","embeddable":true,"href":"https:\/\/www.hypertera.com\/index.php?rest_route=%2Fwp%2Fv2%2Fproduct_tag&post=621"}],"curies":[{"name":"wp","href":"https:\/\/api.w.org\/{rel}","templated":true}]}}