{"id":617,"date":"2022-07-21T14:14:25","date_gmt":"2022-07-21T14:14:25","guid":{"rendered":"https:\/\/www.hypertera.com\/?product=kaapelikouru-poydan-alle-76-cm"},"modified":"2022-07-21T14:14:33","modified_gmt":"2022-07-21T14:14:33","slug":"kaapelikouru-poydan-alle-76-cm","status":"publish","type":"product","link":"https:\/\/www.hypertera.com\/?product=kaapelikouru-poydan-alle-76-cm","title":{"rendered":"Kaapelikouru p\u00f6yd\u00e4n alle, 76 cm"},"content":{"rendered":"<p>K\u00e4tev\u00e4 kaapelikouru p\u00f6y \u00e4n alapinnalle. Voit laskea kourun alemmas kaapelien asettamiseksi ja puhdistamiseksi ja j\u00e4lleen nostaa yl\u00f6s p\u00f6yd\u00e4n pintaan. Suojaa n\u00e4in laitteesi, kaapelisi ja k\u00e4ytt\u00e4j\u00e4. Siisti kaapelikouru helpottaa my\u00f6s siivousta valtavasti.   Paketti sis\u00e4lt\u00e4\u00e4 ruuvit ja asennusohjeet.   Kaapelikourun korkeuss\u00e4\u00e4d\u00f6n ansiosta my\u00f6sk\u00e4\u00e4n mahdollinen p\u00f6yd\u00e4n alapinnalla oleva poikkipalkki ei ole ongelma.  Pituus 760 mm.<\/p>\n","protected":false},"excerpt":{"rendered":"<p>760 mm Kaapelikouru p\u00f6yd\u00e4n alle<\/p>\n","protected":false},"featured_media":618,"comment_status":"closed","ping_status":"closed","template":"","meta":[],"product_brand":[],"product_cat":[15],"product_tag":[207],"class_list":{"0":"post-617","1":"product","2":"type-product","3":"status-publish","4":"has-post-thumbnail","6":"product_cat-uncategorized","7":"product_tag-kaapelikouru","9":"first","10":"instock","11":"purchasable","12":"product-type-simple"},"jetpack_sharing_enabled":true,"_links":{"self":[{"href":"https:\/\/www.hypertera.com\/index.php?rest_route=\/wp\/v2\/product\/617","targetHints":{"allow":["GET"]}}],"collection":[{"href":"https:\/\/www.hypertera.com\/index.php?rest_route=\/wp\/v2\/product"}],"about":[{"href":"https:\/\/www.hypertera.com\/index.php?rest_route=\/wp\/v2\/types\/product"}],"replies":[{"embeddable":true,"href":"https:\/\/www.hypertera.com\/index.php?rest_route=%2Fwp%2Fv2%2Fcomments&post=617"}],"wp:featuredmedia":[{"embeddable":true,"href":"https:\/\/www.hypertera.com\/index.php?rest_route=\/wp\/v2\/media\/618"}],"wp:attachment":[{"href":"https:\/\/www.hypertera.com\/index.php?rest_route=%2Fwp%2Fv2%2Fmedia&parent=617"}],"wp:term":[{"taxonomy":"product_brand","embeddable":true,"href":"https:\/\/www.hypertera.com\/index.php?rest_route=%2Fwp%2Fv2%2Fproduct_brand&post=617"},{"taxonomy":"product_cat","embeddable":true,"href":"https:\/\/www.hypertera.com\/index.php?rest_route=%2Fwp%2Fv2%2Fproduct_cat&post=617"},{"taxonomy":"product_tag","embeddable":true,"href":"https:\/\/www.hypertera.com\/index.php?rest_route=%2Fwp%2Fv2%2Fproduct_tag&post=617"}],"curies":[{"name":"wp","href":"https:\/\/api.w.org\/{rel}","templated":true}]}}