{"id":613,"date":"2022-07-21T14:14:25","date_gmt":"2022-07-21T14:14:25","guid":{"rendered":"https:\/\/www.hypertera.com\/?product=kaapelikouru-poydan-alle-1160-mm"},"modified":"2022-07-21T14:14:27","modified_gmt":"2022-07-21T14:14:27","slug":"kaapelikouru-poydan-alle-1160-mm","status":"publish","type":"product","link":"https:\/\/www.hypertera.com\/?product=kaapelikouru-poydan-alle-1160-mm","title":{"rendered":"Kaapelikouru p\u00f6yd\u00e4n alle, 1160 mm"},"content":{"rendered":"<p>K\u00e4tev\u00e4 kaapelikouru p\u00f6y \u00e4n alapinnalle. Voit laskea kourun alemmas kaapelien asettamiseksi ja puhdistamiseksi ja j\u00e4lleen nostaa yl\u00f6s p\u00f6yd\u00e4n pintaan. Suojaa n\u00e4in laitteesi, kaapelisi ja k\u00e4ytt\u00e4j\u00e4. Siisti kaapelikouru helpottaa my\u00f6s siivousta valtavasti.   Paketti sis\u00e4lt\u00e4\u00e4 ruuvit ja asennusohjeet.   Kaapelikourun korkeuss\u00e4\u00e4d\u00f6n ansiosta my\u00f6sk\u00e4\u00e4n mahdollinen p\u00f6yd\u00e4n alapinnalla oleva poikkipalkki ei ole ongelma.  Pituus 1160 mm. V\u00e4ri hopeanharmaa.<\/p>\n","protected":false},"excerpt":{"rendered":"<p>1160 mm Kaapelikouru<\/p>\n","protected":false},"featured_media":614,"comment_status":"closed","ping_status":"closed","template":"","meta":[],"product_brand":[],"product_cat":[15],"product_tag":[207],"class_list":{"0":"post-613","1":"product","2":"type-product","3":"status-publish","4":"has-post-thumbnail","6":"product_cat-uncategorized","7":"product_tag-kaapelikouru","9":"first","10":"instock","11":"purchasable","12":"product-type-simple"},"jetpack_sharing_enabled":true,"_links":{"self":[{"href":"https:\/\/www.hypertera.com\/index.php?rest_route=\/wp\/v2\/product\/613","targetHints":{"allow":["GET"]}}],"collection":[{"href":"https:\/\/www.hypertera.com\/index.php?rest_route=\/wp\/v2\/product"}],"about":[{"href":"https:\/\/www.hypertera.com\/index.php?rest_route=\/wp\/v2\/types\/product"}],"replies":[{"embeddable":true,"href":"https:\/\/www.hypertera.com\/index.php?rest_route=%2Fwp%2Fv2%2Fcomments&post=613"}],"wp:featuredmedia":[{"embeddable":true,"href":"https:\/\/www.hypertera.com\/index.php?rest_route=\/wp\/v2\/media\/614"}],"wp:attachment":[{"href":"https:\/\/www.hypertera.com\/index.php?rest_route=%2Fwp%2Fv2%2Fmedia&parent=613"}],"wp:term":[{"taxonomy":"product_brand","embeddable":true,"href":"https:\/\/www.hypertera.com\/index.php?rest_route=%2Fwp%2Fv2%2Fproduct_brand&post=613"},{"taxonomy":"product_cat","embeddable":true,"href":"https:\/\/www.hypertera.com\/index.php?rest_route=%2Fwp%2Fv2%2Fproduct_cat&post=613"},{"taxonomy":"product_tag","embeddable":true,"href":"https:\/\/www.hypertera.com\/index.php?rest_route=%2Fwp%2Fv2%2Fproduct_tag&post=613"}],"curies":[{"name":"wp","href":"https:\/\/api.w.org\/{rel}","templated":true}]}}