{"id":603,"date":"2022-07-21T14:14:00","date_gmt":"2022-07-21T14:14:00","guid":{"rendered":"https:\/\/www.hypertera.com\/?product=kaapeli-toslink-2m-musta"},"modified":"2022-07-21T14:14:18","modified_gmt":"2022-07-21T14:14:18","slug":"kaapeli-toslink-2m-musta","status":"publish","type":"product","link":"https:\/\/www.hypertera.com\/?product=kaapeli-toslink-2m-musta","title":{"rendered":"Kaapeli, TOSLINK, 2m, musta"},"content":{"rendered":"<p>2 metri\u00e4 pitk\u00e4 TOSLINK valokuitukaapeli. Toslinkill\u00e4 saat Dolby Digital ja DTS \u00e4\u00e4net kotiteatteriisi kun kytket vahvistimesi DVD- tai Blu-Ray-soittimeesi<\/p>\n","protected":false},"excerpt":{"rendered":"<p>Musta TOSLINK 2m Kaapeli<\/p>\n","protected":false},"featured_media":604,"comment_status":"closed","ping_status":"closed","template":"","meta":[],"product_brand":[],"product_cat":[15],"product_tag":[205],"class_list":{"0":"post-603","1":"product","2":"type-product","3":"status-publish","4":"has-post-thumbnail","6":"product_cat-uncategorized","7":"product_tag-kaapelit","9":"first","10":"instock","11":"purchasable","12":"product-type-simple"},"jetpack_sharing_enabled":true,"_links":{"self":[{"href":"https:\/\/www.hypertera.com\/index.php?rest_route=\/wp\/v2\/product\/603","targetHints":{"allow":["GET"]}}],"collection":[{"href":"https:\/\/www.hypertera.com\/index.php?rest_route=\/wp\/v2\/product"}],"about":[{"href":"https:\/\/www.hypertera.com\/index.php?rest_route=\/wp\/v2\/types\/product"}],"replies":[{"embeddable":true,"href":"https:\/\/www.hypertera.com\/index.php?rest_route=%2Fwp%2Fv2%2Fcomments&post=603"}],"wp:featuredmedia":[{"embeddable":true,"href":"https:\/\/www.hypertera.com\/index.php?rest_route=\/wp\/v2\/media\/604"}],"wp:attachment":[{"href":"https:\/\/www.hypertera.com\/index.php?rest_route=%2Fwp%2Fv2%2Fmedia&parent=603"}],"wp:term":[{"taxonomy":"product_brand","embeddable":true,"href":"https:\/\/www.hypertera.com\/index.php?rest_route=%2Fwp%2Fv2%2Fproduct_brand&post=603"},{"taxonomy":"product_cat","embeddable":true,"href":"https:\/\/www.hypertera.com\/index.php?rest_route=%2Fwp%2Fv2%2Fproduct_cat&post=603"},{"taxonomy":"product_tag","embeddable":true,"href":"https:\/\/www.hypertera.com\/index.php?rest_route=%2Fwp%2Fv2%2Fproduct_tag&post=603"}],"curies":[{"name":"wp","href":"https:\/\/api.w.org\/{rel}","templated":true}]}}