{"id":60,"date":"2022-07-21T13:38:54","date_gmt":"2022-07-21T13:38:54","guid":{"rendered":"https:\/\/www.hypertera.com\/?product=arkistokansio-plus-zeromax-a4-vaaleanharmaa"},"modified":"2022-07-21T13:39:05","modified_gmt":"2022-07-21T13:39:05","slug":"arkistokansio-plus-zeromax-a4-vaaleanharmaa","status":"publish","type":"product","link":"https:\/\/www.hypertera.com\/?product=arkistokansio-plus-zeromax-a4-vaaleanharmaa","title":{"rendered":"Arkistokansio, Plus ZeroMax, A4, vaaleanharmaa"},"content":{"rendered":"<p>Vaaleanharmaa laajeneva paperikansio A4-paperille. Kansioon mahtuu jopa 1000 sivua paperia, sill\u00e4 selk\u00e4mys on s\u00e4\u00e4dett\u00e4viss\u00e4 v\u00e4lill\u00e4 1 &#8211; 10 cm.  Ainutlaatuinen ZeroMax-arkistokansien selk\u00e4mus k\u00e4tev\u00e4sti levenee halutun kapasiteetin mukaan. N\u00e4in s\u00e4\u00e4st\u00e4t parhaimmillaan jopa 2\/3-osaa kaappimetreist\u00e4, kun vajaat kansiot eiv\u00e4t vie tilaa.  ZeroMax on ymp\u00e4rist\u00f6yst\u00e4v\u00e4llinen, sill\u00e4 se on valmistettu kierr\u00e4tysmateriaaleista. Kannet ovat 95% kierr\u00e4tyspaperista valmistetut, ja kiinnitysmekanismi on 80% kierr\u00e4tetty\u00e4 polypropeenia.<\/p>\n","protected":false},"excerpt":{"rendered":"<p>Vaaleanharmaa Plus ZeroMax A4 Arkistokansio<\/p>\n","protected":false},"featured_media":61,"comment_status":"closed","ping_status":"closed","template":"","meta":[],"product_brand":[],"product_cat":[35,38,37,31,36,30,16],"product_tag":[39],"class_list":{"0":"post-60","1":"product","2":"type-product","3":"status-publish","4":"has-post-thumbnail","6":"product_cat-arkistokotelot-ja-kansiottuotteet","7":"product_cat-erikoiskansiot","8":"product_cat-kansiot-ja-mapit-toimistotarvikkeet-arkistokotelot-ja-kansiottuotteet","9":"product_cat-kansiot-ja-mapit","10":"product_cat-toimistotarvikkeet-arkistokotelot-ja-kansiottuotteet","11":"product_cat-toimistotarvikkeet","12":"product_cat-tuotteet","13":"product_tag-arkistokansiot","15":"first","16":"outofstock","17":"purchasable","18":"product-type-simple"},"jetpack_sharing_enabled":true,"_links":{"self":[{"href":"https:\/\/www.hypertera.com\/index.php?rest_route=\/wp\/v2\/product\/60","targetHints":{"allow":["GET"]}}],"collection":[{"href":"https:\/\/www.hypertera.com\/index.php?rest_route=\/wp\/v2\/product"}],"about":[{"href":"https:\/\/www.hypertera.com\/index.php?rest_route=\/wp\/v2\/types\/product"}],"replies":[{"embeddable":true,"href":"https:\/\/www.hypertera.com\/index.php?rest_route=%2Fwp%2Fv2%2Fcomments&post=60"}],"wp:featuredmedia":[{"embeddable":true,"href":"https:\/\/www.hypertera.com\/index.php?rest_route=\/wp\/v2\/media\/61"}],"wp:attachment":[{"href":"https:\/\/www.hypertera.com\/index.php?rest_route=%2Fwp%2Fv2%2Fmedia&parent=60"}],"wp:term":[{"taxonomy":"product_brand","embeddable":true,"href":"https:\/\/www.hypertera.com\/index.php?rest_route=%2Fwp%2Fv2%2Fproduct_brand&post=60"},{"taxonomy":"product_cat","embeddable":true,"href":"https:\/\/www.hypertera.com\/index.php?rest_route=%2Fwp%2Fv2%2Fproduct_cat&post=60"},{"taxonomy":"product_tag","embeddable":true,"href":"https:\/\/www.hypertera.com\/index.php?rest_route=%2Fwp%2Fv2%2Fproduct_tag&post=60"}],"curies":[{"name":"wp","href":"https:\/\/api.w.org\/{rel}","templated":true}]}}