{"id":597,"date":"2022-07-21T14:14:00","date_gmt":"2022-07-21T14:14:00","guid":{"rendered":"https:\/\/www.hypertera.com\/?product=kaapeli-sata-virtakaapeli-0-15m"},"modified":"2022-07-21T14:14:10","modified_gmt":"2022-07-21T14:14:10","slug":"kaapeli-sata-virtakaapeli-0-15m","status":"publish","type":"product","link":"https:\/\/www.hypertera.com\/?product=kaapeli-sata-virtakaapeli-0-15m","title":{"rendered":"Kaapeli, SATA virtakaapeli, 0.15m"},"content":{"rendered":"<p>0,15m pitk\u00e4 SATA virtakaapeli. 5,25&quot; liitin \/ 1x SATA liitin. Toisessa p\u00e4\u00e4ss\u00e4 4-pinninen virtaliitin ja toisessa15-pinninen SATA-virtaliitin.<\/p>\n","protected":false},"excerpt":{"rendered":"<p>SATA virtakaapeli 0.15m Kaapeli<\/p>\n","protected":false},"featured_media":598,"comment_status":"closed","ping_status":"closed","template":"","meta":[],"product_brand":[],"product_cat":[15],"product_tag":[205],"class_list":{"0":"post-597","1":"product","2":"type-product","3":"status-publish","4":"has-post-thumbnail","6":"product_cat-uncategorized","7":"product_tag-kaapelit","9":"first","10":"instock","11":"purchasable","12":"product-type-simple"},"jetpack_sharing_enabled":true,"_links":{"self":[{"href":"https:\/\/www.hypertera.com\/index.php?rest_route=\/wp\/v2\/product\/597","targetHints":{"allow":["GET"]}}],"collection":[{"href":"https:\/\/www.hypertera.com\/index.php?rest_route=\/wp\/v2\/product"}],"about":[{"href":"https:\/\/www.hypertera.com\/index.php?rest_route=\/wp\/v2\/types\/product"}],"replies":[{"embeddable":true,"href":"https:\/\/www.hypertera.com\/index.php?rest_route=%2Fwp%2Fv2%2Fcomments&post=597"}],"wp:featuredmedia":[{"embeddable":true,"href":"https:\/\/www.hypertera.com\/index.php?rest_route=\/wp\/v2\/media\/598"}],"wp:attachment":[{"href":"https:\/\/www.hypertera.com\/index.php?rest_route=%2Fwp%2Fv2%2Fmedia&parent=597"}],"wp:term":[{"taxonomy":"product_brand","embeddable":true,"href":"https:\/\/www.hypertera.com\/index.php?rest_route=%2Fwp%2Fv2%2Fproduct_brand&post=597"},{"taxonomy":"product_cat","embeddable":true,"href":"https:\/\/www.hypertera.com\/index.php?rest_route=%2Fwp%2Fv2%2Fproduct_cat&post=597"},{"taxonomy":"product_tag","embeddable":true,"href":"https:\/\/www.hypertera.com\/index.php?rest_route=%2Fwp%2Fv2%2Fproduct_tag&post=597"}],"curies":[{"name":"wp","href":"https:\/\/api.w.org\/{rel}","templated":true}]}}