{"id":589,"date":"2022-07-21T14:13:40","date_gmt":"2022-07-21T14:13:40","guid":{"rendered":"https:\/\/www.hypertera.com\/?product=kaapeli-hdmi-dvi-5m-musta"},"modified":"2022-07-21T14:13:55","modified_gmt":"2022-07-21T14:13:55","slug":"kaapeli-hdmi-dvi-5m-musta","status":"publish","type":"product","link":"https:\/\/www.hypertera.com\/?product=kaapeli-hdmi-dvi-5m-musta","title":{"rendered":"Kaapeli, HDMI-DVI, 5m, musta"},"content":{"rendered":"<p>5 metri\u00e4 pitk\u00e4 HDMI-DVI kaapeli. HDMI on uusi digitaalisen videon ja audion liitinmalli. HDMI-DVI johdolla voit liitt\u00e4\u00e4 DVI-D (Single Link) liittimell\u00e4 olevan n\u00e4ytt\u00f6si HDMI liittimell\u00e4 toimivaan n\u00e4ytt\u00f6\u00f6n tai laitteeseen.<\/p>\n","protected":false},"excerpt":{"rendered":"<p>Musta HDMI-DVI 5m Kaapeli<\/p>\n","protected":false},"featured_media":590,"comment_status":"closed","ping_status":"closed","template":"","meta":[],"product_brand":[],"product_cat":[15],"product_tag":[205],"class_list":{"0":"post-589","1":"product","2":"type-product","3":"status-publish","4":"has-post-thumbnail","6":"product_cat-uncategorized","7":"product_tag-kaapelit","9":"first","10":"instock","11":"purchasable","12":"product-type-simple"},"jetpack_sharing_enabled":true,"_links":{"self":[{"href":"https:\/\/www.hypertera.com\/index.php?rest_route=\/wp\/v2\/product\/589","targetHints":{"allow":["GET"]}}],"collection":[{"href":"https:\/\/www.hypertera.com\/index.php?rest_route=\/wp\/v2\/product"}],"about":[{"href":"https:\/\/www.hypertera.com\/index.php?rest_route=\/wp\/v2\/types\/product"}],"replies":[{"embeddable":true,"href":"https:\/\/www.hypertera.com\/index.php?rest_route=%2Fwp%2Fv2%2Fcomments&post=589"}],"wp:featuredmedia":[{"embeddable":true,"href":"https:\/\/www.hypertera.com\/index.php?rest_route=\/wp\/v2\/media\/590"}],"wp:attachment":[{"href":"https:\/\/www.hypertera.com\/index.php?rest_route=%2Fwp%2Fv2%2Fmedia&parent=589"}],"wp:term":[{"taxonomy":"product_brand","embeddable":true,"href":"https:\/\/www.hypertera.com\/index.php?rest_route=%2Fwp%2Fv2%2Fproduct_brand&post=589"},{"taxonomy":"product_cat","embeddable":true,"href":"https:\/\/www.hypertera.com\/index.php?rest_route=%2Fwp%2Fv2%2Fproduct_cat&post=589"},{"taxonomy":"product_tag","embeddable":true,"href":"https:\/\/www.hypertera.com\/index.php?rest_route=%2Fwp%2Fv2%2Fproduct_tag&post=589"}],"curies":[{"name":"wp","href":"https:\/\/api.w.org\/{rel}","templated":true}]}}