{"id":585,"date":"2022-07-21T14:13:40","date_gmt":"2022-07-21T14:13:40","guid":{"rendered":"https:\/\/www.hypertera.com\/?product=kaapeli-hdmi-a-uros-uros-1m-musta"},"modified":"2022-07-21T14:13:53","modified_gmt":"2022-07-21T14:13:53","slug":"kaapeli-hdmi-a-uros-uros-1m-musta","status":"publish","type":"product","link":"https:\/\/www.hypertera.com\/?product=kaapeli-hdmi-a-uros-uros-1m-musta","title":{"rendered":"Kaapeli, HDMI-A uros\/uros, 1m, musta"},"content":{"rendered":"<p>Musta 1.0 metri\u00e4 pitk\u00e4 HDMI kaapeli. Johdossa kaksi A-mallin urosliitint\u00e4, joka sopii esim. televisioihin, DVD-, Blu-Ray-soittimiin. Kullatut liittimet. Ferriitit molemmissa p\u00e4iss\u00e4. HDMI versio 2.0, jossa on monikanava\u00e4\u00e4niulostulo ja tuki 3D-videokuvalle, 2D-resoluutio 4096 &times; 2160, Ethernet-tuki sek\u00e4 tulossa tuki mm. 6 Gbit\/s, TMDS 18 Gbit\/s, 4K resoluutio 60 fps<\/p>\n","protected":false},"excerpt":{"rendered":"<p>Musta HDMI-A uros\/uros 1m Kaapeli<\/p>\n","protected":false},"featured_media":586,"comment_status":"closed","ping_status":"closed","template":"","meta":[],"product_brand":[],"product_cat":[15],"product_tag":[205],"class_list":{"0":"post-585","1":"product","2":"type-product","3":"status-publish","4":"has-post-thumbnail","6":"product_cat-uncategorized","7":"product_tag-kaapelit","9":"first","10":"instock","11":"purchasable","12":"product-type-simple"},"jetpack_sharing_enabled":true,"_links":{"self":[{"href":"https:\/\/www.hypertera.com\/index.php?rest_route=\/wp\/v2\/product\/585","targetHints":{"allow":["GET"]}}],"collection":[{"href":"https:\/\/www.hypertera.com\/index.php?rest_route=\/wp\/v2\/product"}],"about":[{"href":"https:\/\/www.hypertera.com\/index.php?rest_route=\/wp\/v2\/types\/product"}],"replies":[{"embeddable":true,"href":"https:\/\/www.hypertera.com\/index.php?rest_route=%2Fwp%2Fv2%2Fcomments&post=585"}],"wp:featuredmedia":[{"embeddable":true,"href":"https:\/\/www.hypertera.com\/index.php?rest_route=\/wp\/v2\/media\/586"}],"wp:attachment":[{"href":"https:\/\/www.hypertera.com\/index.php?rest_route=%2Fwp%2Fv2%2Fmedia&parent=585"}],"wp:term":[{"taxonomy":"product_brand","embeddable":true,"href":"https:\/\/www.hypertera.com\/index.php?rest_route=%2Fwp%2Fv2%2Fproduct_brand&post=585"},{"taxonomy":"product_cat","embeddable":true,"href":"https:\/\/www.hypertera.com\/index.php?rest_route=%2Fwp%2Fv2%2Fproduct_cat&post=585"},{"taxonomy":"product_tag","embeddable":true,"href":"https:\/\/www.hypertera.com\/index.php?rest_route=%2Fwp%2Fv2%2Fproduct_tag&post=585"}],"curies":[{"name":"wp","href":"https:\/\/api.w.org\/{rel}","templated":true}]}}