{"id":54,"date":"2022-07-21T13:38:01","date_gmt":"2022-07-21T13:38:01","guid":{"rendered":"https:\/\/www.hypertera.com\/?product=arkistohaarukka-f-binder-1-ltk-100kpl"},"modified":"2022-07-21T13:38:48","modified_gmt":"2022-07-21T13:38:48","slug":"arkistohaarukka-f-binder-1-ltk-100kpl","status":"publish","type":"product","link":"https:\/\/www.hypertera.com\/?product=arkistohaarukka-f-binder-1-ltk-100kpl","title":{"rendered":"Arkistohaarukka, F-binder, 1 ltk\/100kpl"},"content":{"rendered":"<p>Reijitetyille (8cm) papereille tilaa s\u00e4\u00e4st\u00e4v\u00e4 arkistointij\u00e4rjestelm\u00e4. Metallivahvisteista muovia, avattavissa yh\u00e4 uudelleen. Kierr\u00e4tysmateriaalin osuus 30 %.<\/p>\n","protected":false},"excerpt":{"rendered":"<p>Reijitetyille (8cm) papereille tilaa s\u00e4\u00e4st\u00e4v\u00e4 arkistointij\u00e4rjestelm\u00e4. Metallivahvisteista muovia, avattavissa yh\u00e4 uudelleen. Kierr\u00e4tysmateriaalin osuus 30 %.<\/p>\n","protected":false},"featured_media":55,"comment_status":"closed","ping_status":"closed","template":"","meta":[],"product_brand":[],"product_cat":[32,31,30,16],"product_tag":[33],"class_list":{"0":"post-54","1":"product","2":"type-product","3":"status-publish","4":"has-post-thumbnail","6":"product_cat-arkistokotelot-ja-kansiot","7":"product_cat-kansiot-ja-mapit","8":"product_cat-toimistotarvikkeet","9":"product_cat-tuotteet","10":"product_tag-arkistohaarukat","12":"first","13":"outofstock","14":"purchasable","15":"product-type-simple"},"jetpack_sharing_enabled":true,"_links":{"self":[{"href":"https:\/\/www.hypertera.com\/index.php?rest_route=\/wp\/v2\/product\/54","targetHints":{"allow":["GET"]}}],"collection":[{"href":"https:\/\/www.hypertera.com\/index.php?rest_route=\/wp\/v2\/product"}],"about":[{"href":"https:\/\/www.hypertera.com\/index.php?rest_route=\/wp\/v2\/types\/product"}],"replies":[{"embeddable":true,"href":"https:\/\/www.hypertera.com\/index.php?rest_route=%2Fwp%2Fv2%2Fcomments&post=54"}],"wp:featuredmedia":[{"embeddable":true,"href":"https:\/\/www.hypertera.com\/index.php?rest_route=\/wp\/v2\/media\/55"}],"wp:attachment":[{"href":"https:\/\/www.hypertera.com\/index.php?rest_route=%2Fwp%2Fv2%2Fmedia&parent=54"}],"wp:term":[{"taxonomy":"product_brand","embeddable":true,"href":"https:\/\/www.hypertera.com\/index.php?rest_route=%2Fwp%2Fv2%2Fproduct_brand&post=54"},{"taxonomy":"product_cat","embeddable":true,"href":"https:\/\/www.hypertera.com\/index.php?rest_route=%2Fwp%2Fv2%2Fproduct_cat&post=54"},{"taxonomy":"product_tag","embeddable":true,"href":"https:\/\/www.hypertera.com\/index.php?rest_route=%2Fwp%2Fv2%2Fproduct_tag&post=54"}],"curies":[{"name":"wp","href":"https:\/\/api.w.org\/{rel}","templated":true}]}}