{"id":528,"date":"2022-07-21T14:11:15","date_gmt":"2022-07-21T14:11:15","guid":{"rendered":"https:\/\/www.hypertera.com\/?product=kaapeli-dvi-m-m-duallink-3m-musta"},"modified":"2022-07-21T14:11:40","modified_gmt":"2022-07-21T14:11:40","slug":"kaapeli-dvi-m-m-duallink-3m-musta","status":"publish","type":"product","link":"https:\/\/www.hypertera.com\/?product=kaapeli-dvi-m-m-duallink-3m-musta","title":{"rendered":"Kaapeli, DVI M\/M, Duallink 3m, musta"},"content":{"rendered":"<p>3.0 metri\u00e4 pitk\u00e4 DVI DualLink kaapeli jossa 2x uros 24+1 pinnist\u00e4 liitint\u00e4. DVI-liitin on uusissa digitaalimonitoreissa ja n\u00e4yt\u00f6nohjaimissa k\u00e4ytetty liitin.  &#8211; DVI-D(24+1)  &#8211; Digitaalinen  &#8211; H\u00e4iri\u00f6suojattu  &#8211; Dual Link  &#8211; Moldattu kotelo<\/p>\n","protected":false},"excerpt":{"rendered":"<p>Musta DVI M\/M Duallink 3m Kaapeli<\/p>\n","protected":false},"featured_media":529,"comment_status":"closed","ping_status":"closed","template":"","meta":[],"product_brand":[],"product_cat":[15],"product_tag":[205],"class_list":{"0":"post-528","1":"product","2":"type-product","3":"status-publish","4":"has-post-thumbnail","6":"product_cat-uncategorized","7":"product_tag-kaapelit","9":"first","10":"instock","11":"purchasable","12":"product-type-simple"},"jetpack_sharing_enabled":true,"_links":{"self":[{"href":"https:\/\/www.hypertera.com\/index.php?rest_route=\/wp\/v2\/product\/528","targetHints":{"allow":["GET"]}}],"collection":[{"href":"https:\/\/www.hypertera.com\/index.php?rest_route=\/wp\/v2\/product"}],"about":[{"href":"https:\/\/www.hypertera.com\/index.php?rest_route=\/wp\/v2\/types\/product"}],"replies":[{"embeddable":true,"href":"https:\/\/www.hypertera.com\/index.php?rest_route=%2Fwp%2Fv2%2Fcomments&post=528"}],"wp:featuredmedia":[{"embeddable":true,"href":"https:\/\/www.hypertera.com\/index.php?rest_route=\/wp\/v2\/media\/529"}],"wp:attachment":[{"href":"https:\/\/www.hypertera.com\/index.php?rest_route=%2Fwp%2Fv2%2Fmedia&parent=528"}],"wp:term":[{"taxonomy":"product_brand","embeddable":true,"href":"https:\/\/www.hypertera.com\/index.php?rest_route=%2Fwp%2Fv2%2Fproduct_brand&post=528"},{"taxonomy":"product_cat","embeddable":true,"href":"https:\/\/www.hypertera.com\/index.php?rest_route=%2Fwp%2Fv2%2Fproduct_cat&post=528"},{"taxonomy":"product_tag","embeddable":true,"href":"https:\/\/www.hypertera.com\/index.php?rest_route=%2Fwp%2Fv2%2Fproduct_tag&post=528"}],"curies":[{"name":"wp","href":"https:\/\/api.w.org\/{rel}","templated":true}]}}