{"id":524,"date":"2022-07-21T14:11:15","date_gmt":"2022-07-21T14:11:15","guid":{"rendered":"https:\/\/www.hypertera.com\/?product=kaapeli-audiokaapeli-3-5mm-liittimet-3m-harmaa"},"modified":"2022-07-21T14:11:29","modified_gmt":"2022-07-21T14:11:29","slug":"kaapeli-audiokaapeli-3-5mm-liittimet-3m-harmaa","status":"publish","type":"product","link":"https:\/\/www.hypertera.com\/?product=kaapeli-audiokaapeli-3-5mm-liittimet-3m-harmaa","title":{"rendered":"Kaapeli, audiokaapeli 3.5mm liittimet, 3m, harmaa"},"content":{"rendered":"<p>3,5mm liittimell\u00e4 oleva stereo audiojohto. Sopii mm. tietokoneen \u00e4\u00e4nijohdoksi tietokoneen ja kaiuttimien v\u00e4liin tai esimerkiksi puhelimen tai kannettavan soittimen liitt\u00e4miseen kaiuttimiin.<\/p>\n","protected":false},"excerpt":{"rendered":"<p>Harmaa Audiokaapeli 3.5mm liittimet 3m Kaapeli<\/p>\n","protected":false},"featured_media":525,"comment_status":"closed","ping_status":"closed","template":"","meta":[],"product_brand":[],"product_cat":[15],"product_tag":[205],"class_list":{"0":"post-524","1":"product","2":"type-product","3":"status-publish","4":"has-post-thumbnail","6":"product_cat-uncategorized","7":"product_tag-kaapelit","9":"first","10":"instock","11":"purchasable","12":"product-type-simple"},"jetpack_sharing_enabled":true,"_links":{"self":[{"href":"https:\/\/www.hypertera.com\/index.php?rest_route=\/wp\/v2\/product\/524","targetHints":{"allow":["GET"]}}],"collection":[{"href":"https:\/\/www.hypertera.com\/index.php?rest_route=\/wp\/v2\/product"}],"about":[{"href":"https:\/\/www.hypertera.com\/index.php?rest_route=\/wp\/v2\/types\/product"}],"replies":[{"embeddable":true,"href":"https:\/\/www.hypertera.com\/index.php?rest_route=%2Fwp%2Fv2%2Fcomments&post=524"}],"wp:featuredmedia":[{"embeddable":true,"href":"https:\/\/www.hypertera.com\/index.php?rest_route=\/wp\/v2\/media\/525"}],"wp:attachment":[{"href":"https:\/\/www.hypertera.com\/index.php?rest_route=%2Fwp%2Fv2%2Fmedia&parent=524"}],"wp:term":[{"taxonomy":"product_brand","embeddable":true,"href":"https:\/\/www.hypertera.com\/index.php?rest_route=%2Fwp%2Fv2%2Fproduct_brand&post=524"},{"taxonomy":"product_cat","embeddable":true,"href":"https:\/\/www.hypertera.com\/index.php?rest_route=%2Fwp%2Fv2%2Fproduct_cat&post=524"},{"taxonomy":"product_tag","embeddable":true,"href":"https:\/\/www.hypertera.com\/index.php?rest_route=%2Fwp%2Fv2%2Fproduct_tag&post=524"}],"curies":[{"name":"wp","href":"https:\/\/api.w.org\/{rel}","templated":true}]}}