{"id":52,"date":"2022-07-21T13:38:01","date_gmt":"2022-07-21T13:38:01","guid":{"rendered":"https:\/\/www.hypertera.com\/?product=antennikaapeli-belkin-pure-av-aerial-antenna-cable-1-8m"},"modified":"2022-07-21T13:38:46","modified_gmt":"2022-07-21T13:38:46","slug":"antennikaapeli-belkin-pure-av-aerial-antenna-cable-1-8m","status":"publish","type":"product","link":"https:\/\/www.hypertera.com\/?product=antennikaapeli-belkin-pure-av-aerial-antenna-cable-1-8m","title":{"rendered":"Antennikaapeli, Belkin PURE AV Aerial Antenna Cable, 1.8m"},"content":{"rendered":"<p>1,8 metri\u00e4 pitk\u00e4 anteenikaapeli. Yhdit\u00e4 digiboksi, videot tai DVD soitin televisioon.<\/p>\n","protected":false},"excerpt":{"rendered":"<p>1.8m Belkin PURE AV Aerial Antenna Cable Antennikaapeli<\/p>\n","protected":false},"featured_media":53,"comment_status":"closed","ping_status":"closed","template":"","meta":[],"product_brand":[],"product_cat":[15],"product_tag":[29],"class_list":{"0":"post-52","1":"product","2":"type-product","3":"status-publish","4":"has-post-thumbnail","6":"product_cat-uncategorized","7":"product_tag-antennikaapelit","9":"first","10":"instock","11":"purchasable","12":"product-type-simple"},"jetpack_sharing_enabled":true,"_links":{"self":[{"href":"https:\/\/www.hypertera.com\/index.php?rest_route=\/wp\/v2\/product\/52","targetHints":{"allow":["GET"]}}],"collection":[{"href":"https:\/\/www.hypertera.com\/index.php?rest_route=\/wp\/v2\/product"}],"about":[{"href":"https:\/\/www.hypertera.com\/index.php?rest_route=\/wp\/v2\/types\/product"}],"replies":[{"embeddable":true,"href":"https:\/\/www.hypertera.com\/index.php?rest_route=%2Fwp%2Fv2%2Fcomments&post=52"}],"wp:featuredmedia":[{"embeddable":true,"href":"https:\/\/www.hypertera.com\/index.php?rest_route=\/wp\/v2\/media\/53"}],"wp:attachment":[{"href":"https:\/\/www.hypertera.com\/index.php?rest_route=%2Fwp%2Fv2%2Fmedia&parent=52"}],"wp:term":[{"taxonomy":"product_brand","embeddable":true,"href":"https:\/\/www.hypertera.com\/index.php?rest_route=%2Fwp%2Fv2%2Fproduct_brand&post=52"},{"taxonomy":"product_cat","embeddable":true,"href":"https:\/\/www.hypertera.com\/index.php?rest_route=%2Fwp%2Fv2%2Fproduct_cat&post=52"},{"taxonomy":"product_tag","embeddable":true,"href":"https:\/\/www.hypertera.com\/index.php?rest_route=%2Fwp%2Fv2%2Fproduct_tag&post=52"}],"curies":[{"name":"wp","href":"https:\/\/api.w.org\/{rel}","templated":true}]}}