{"id":505,"date":"2022-07-21T14:10:45","date_gmt":"2022-07-21T14:10:45","guid":{"rendered":"https:\/\/www.hypertera.com\/?product=julistetaulu-snapframe-a4"},"modified":"2022-07-21T14:11:00","modified_gmt":"2022-07-21T14:11:00","slug":"julistetaulu-snapframe-a4","status":"publish","type":"product","link":"https:\/\/www.hypertera.com\/?product=julistetaulu-snapframe-a4","title":{"rendered":"Julistetaulu, Snapframe A4"},"content":{"rendered":"<p>Ainutlaatuinen Snapframe A4 on k\u00e4tev\u00e4 tapa asettaa juliste, mainos tai tuloste tyylikk\u00e4\u00e4sti ja kest\u00e4v\u00e4sti esille. Julistetaulu asennetaan sein\u00e4lle mukana tulevilla ruuveilla. Kehykset k\u00e4\u00e4ntyv\u00e4t auki, jolloin juliste on helppo vaihtaa. Julisteen p\u00e4\u00e4lle asetetaan mukana tuleva mattapintainen PVC-kalvo.  Snapframe A4-malliin mahtuu maksimissaan A4-kokoinen esite. Kokonaiskorkeus on 340 mm, leveys 255 mm ja syvyys 11.5 mm. Voidaan asentaa vaaka- tai pystysuunnassa.  Snapframe soveltuu niin sis\u00e4- kuin ulkok\u00e4ytt\u00f6\u00f6n. Kehykset on valmistettu alumiinista, kulmapalat ovat muovia.<\/p>\n","protected":false},"excerpt":{"rendered":"<p>Snapframe A4 Julistetaulu<\/p>\n","protected":false},"featured_media":506,"comment_status":"closed","ping_status":"closed","template":"","meta":[],"product_brand":[],"product_cat":[15],"product_tag":[194],"class_list":{"0":"post-505","1":"product","2":"type-product","3":"status-publish","4":"has-post-thumbnail","6":"product_cat-uncategorized","7":"product_tag-julistetaulut","9":"first","10":"instock","11":"purchasable","12":"product-type-simple"},"jetpack_sharing_enabled":true,"_links":{"self":[{"href":"https:\/\/www.hypertera.com\/index.php?rest_route=\/wp\/v2\/product\/505","targetHints":{"allow":["GET"]}}],"collection":[{"href":"https:\/\/www.hypertera.com\/index.php?rest_route=\/wp\/v2\/product"}],"about":[{"href":"https:\/\/www.hypertera.com\/index.php?rest_route=\/wp\/v2\/types\/product"}],"replies":[{"embeddable":true,"href":"https:\/\/www.hypertera.com\/index.php?rest_route=%2Fwp%2Fv2%2Fcomments&post=505"}],"wp:featuredmedia":[{"embeddable":true,"href":"https:\/\/www.hypertera.com\/index.php?rest_route=\/wp\/v2\/media\/506"}],"wp:attachment":[{"href":"https:\/\/www.hypertera.com\/index.php?rest_route=%2Fwp%2Fv2%2Fmedia&parent=505"}],"wp:term":[{"taxonomy":"product_brand","embeddable":true,"href":"https:\/\/www.hypertera.com\/index.php?rest_route=%2Fwp%2Fv2%2Fproduct_brand&post=505"},{"taxonomy":"product_cat","embeddable":true,"href":"https:\/\/www.hypertera.com\/index.php?rest_route=%2Fwp%2Fv2%2Fproduct_cat&post=505"},{"taxonomy":"product_tag","embeddable":true,"href":"https:\/\/www.hypertera.com\/index.php?rest_route=%2Fwp%2Fv2%2Fproduct_tag&post=505"}],"curies":[{"name":"wp","href":"https:\/\/api.w.org\/{rel}","templated":true}]}}