{"id":497,"date":"2022-07-21T14:10:45","date_gmt":"2022-07-21T14:10:45","guid":{"rendered":"https:\/\/www.hypertera.com\/?product=johtosuoja-10m-6mm-kirkas"},"modified":"2022-07-21T14:10:47","modified_gmt":"2022-07-21T14:10:47","slug":"johtosuoja-10m-6mm-kirkas","status":"publish","type":"product","link":"https:\/\/www.hypertera.com\/?product=johtosuoja-10m-6mm-kirkas","title":{"rendered":"Johtosuoja, 10m, 6mm, kirkas"},"content":{"rendered":"<p>10 metri\u00e4 pitk\u00e4 kirkas johtosuoja\/niputtaja. Johtosuojan halkaisija 6mm. Johtosuoja sopii erinomaisesti johtojen niputukseen ja piilotukseen esim p\u00f6yd\u00e4n alapintaan tai kulkemaan siististi yhdess\u00e4 nipussa sein\u00e4n vieress\u00e4.<\/p>\n","protected":false},"excerpt":{"rendered":"<p>Kirkas 10m 6mm Johtosuoja<\/p>\n","protected":false},"featured_media":498,"comment_status":"closed","ping_status":"closed","template":"","meta":[],"product_brand":[],"product_cat":[15],"product_tag":[192],"class_list":{"0":"post-497","1":"product","2":"type-product","3":"status-publish","4":"has-post-thumbnail","6":"product_cat-uncategorized","7":"product_tag-johtosuojat","9":"first","10":"instock","11":"purchasable","12":"product-type-simple"},"jetpack_sharing_enabled":true,"_links":{"self":[{"href":"https:\/\/www.hypertera.com\/index.php?rest_route=\/wp\/v2\/product\/497","targetHints":{"allow":["GET"]}}],"collection":[{"href":"https:\/\/www.hypertera.com\/index.php?rest_route=\/wp\/v2\/product"}],"about":[{"href":"https:\/\/www.hypertera.com\/index.php?rest_route=\/wp\/v2\/types\/product"}],"replies":[{"embeddable":true,"href":"https:\/\/www.hypertera.com\/index.php?rest_route=%2Fwp%2Fv2%2Fcomments&post=497"}],"wp:featuredmedia":[{"embeddable":true,"href":"https:\/\/www.hypertera.com\/index.php?rest_route=\/wp\/v2\/media\/498"}],"wp:attachment":[{"href":"https:\/\/www.hypertera.com\/index.php?rest_route=%2Fwp%2Fv2%2Fmedia&parent=497"}],"wp:term":[{"taxonomy":"product_brand","embeddable":true,"href":"https:\/\/www.hypertera.com\/index.php?rest_route=%2Fwp%2Fv2%2Fproduct_brand&post=497"},{"taxonomy":"product_cat","embeddable":true,"href":"https:\/\/www.hypertera.com\/index.php?rest_route=%2Fwp%2Fv2%2Fproduct_cat&post=497"},{"taxonomy":"product_tag","embeddable":true,"href":"https:\/\/www.hypertera.com\/index.php?rest_route=%2Fwp%2Fv2%2Fproduct_tag&post=497"}],"curies":[{"name":"wp","href":"https:\/\/api.w.org\/{rel}","templated":true}]}}